{"id":555,"date":"2024-05-14T07:05:22","date_gmt":"2024-05-14T07:05:22","guid":{"rendered":"https:\/\/geonordic.fi\/?page_id=555"},"modified":"2025-07-09T07:42:42","modified_gmt":"2025-07-09T07:42:42","slug":"vuokraus-ja-kaytetyt","status":"publish","type":"page","link":"https:\/\/geonordic.fi\/en\/vuokraus-ja-kaytetyt\/","title":{"rendered":"Rental and used"},"content":{"rendered":"<div data-elementor-type=\"wp-page\" data-elementor-id=\"555\" class=\"elementor elementor-555\" data-elementor-post-type=\"page\">\n\t\t\t\t\t\t<section class=\"elementor-section elementor-top-section elementor-element elementor-element-db4cab0 elementor-section-boxed elementor-section-height-default elementor-section-height-default\" data-id=\"db4cab0\" data-element_type=\"section\" data-settings=\"{&quot;background_background&quot;:&quot;classic&quot;,&quot;background_motion_fx_motion_fx_scrolling&quot;:&quot;yes&quot;,&quot;background_motion_fx_scale_effect&quot;:&quot;yes&quot;,&quot;background_motion_fx_scale_direction&quot;:&quot;out-in&quot;,&quot;background_motion_fx_scale_speed&quot;:{&quot;unit&quot;:&quot;px&quot;,&quot;size&quot;:4,&quot;sizes&quot;:[]},&quot;background_motion_fx_scale_range&quot;:{&quot;unit&quot;:&quot;%&quot;,&quot;size&quot;:&quot;&quot;,&quot;sizes&quot;:{&quot;start&quot;:20,&quot;end&quot;:80}},&quot;background_motion_fx_devices&quot;:[&quot;desktop&quot;,&quot;tablet&quot;,&quot;mobile&quot;]}\">\n\t\t\t\t\t\t\t<div class=\"elementor-background-overlay\"><\/div>\n\t\t\t\t\t\t\t<div class=\"elementor-container elementor-column-gap-default\">\n\t\t\t\t\t<div class=\"elementor-column elementor-col-50 elementor-top-column elementor-element elementor-element-59c6966\" data-id=\"59c6966\" data-element_type=\"column\">\n\t\t\t<div class=\"elementor-widget-wrap elementor-element-populated\">\n\t\t\t\t\t\t<div class=\"elementor-element elementor-element-2700c34 elementor-widget elementor-widget-heading\" data-id=\"2700c34\" data-element_type=\"widget\" data-widget_type=\"heading.default\">\n\t\t\t\t<div class=\"elementor-widget-container\">\n\t\t\t\t\t<h2 class=\"elementor-heading-title elementor-size-default\">Rental and used<\/h2>\t\t\t\t<\/div>\n\t\t\t\t<\/div>\n\t\t\t\t<div class=\"elementor-element elementor-element-8783cfc elementor-widget elementor-widget-text-editor\" data-id=\"8783cfc\" data-element_type=\"widget\" data-widget_type=\"text-editor.default\">\n\t\t\t\t<div class=\"elementor-widget-container\">\n\t\t\t\t\t\t\t\t\t<p>Meill\u00e4 aina kunnossa olevat ja modernit kairauskoneet ja kairauskalusto vuokralle.<\/p>\t\t\t\t\t\t\t\t<\/div>\n\t\t\t\t<\/div>\n\t\t\t\t<div class=\"elementor-element elementor-element-b4d30e4 elementor-widget elementor-widget-button\" data-id=\"b4d30e4\" data-element_type=\"widget\" data-widget_type=\"button.default\">\n\t\t\t\t<div class=\"elementor-widget-container\">\n\t\t\t\t\t\t\t\t\t<div class=\"elementor-button-wrapper\">\n\t\t\t\t\t<a class=\"elementor-button elementor-button-link elementor-size-sm\" href=\"https:\/\/geonordic.fi\/en\/yritys\/\">\n\t\t\t\t\t\t<span class=\"elementor-button-content-wrapper\">\n\t\t\t\t\t\t\t\t\t<span class=\"elementor-button-text\">Read more <\/span>\n\t\t\t\t\t<\/span>\n\t\t\t\t\t<\/a>\n\t\t\t\t<\/div>\n\t\t\t\t\t\t\t\t<\/div>\n\t\t\t\t<\/div>\n\t\t\t\t\t<\/div>\n\t\t<\/div>\n\t\t\t\t<div class=\"elementor-column elementor-col-50 elementor-top-column elementor-element elementor-element-5d565a6\" data-id=\"5d565a6\" data-element_type=\"column\">\n\t\t\t<div class=\"elementor-widget-wrap\">\n\t\t\t\t\t\t\t<\/div>\n\t\t<\/div>\n\t\t\t\t\t<\/div>\n\t\t<\/section>\n\t\t\t\t<section class=\"elementor-section elementor-top-section elementor-element elementor-element-2a8f605 elementor-section-boxed elementor-section-height-default elementor-section-height-default\" data-id=\"2a8f605\" data-element_type=\"section\" data-settings=\"{&quot;background_background&quot;:&quot;classic&quot;}\">\n\t\t\t\t\t\t<div class=\"elementor-container elementor-column-gap-default\">\n\t\t\t\t\t<div class=\"elementor-column elementor-col-100 elementor-top-column elementor-element elementor-element-0f81b28\" data-id=\"0f81b28\" data-element_type=\"column\">\n\t\t\t<div class=\"elementor-widget-wrap elementor-element-populated\">\n\t\t\t\t\t\t<div class=\"elementor-element elementor-element-84cc4ea elementor-widget elementor-widget-heading\" data-id=\"84cc4ea\" data-element_type=\"widget\" data-widget_type=\"heading.default\">\n\t\t\t\t<div class=\"elementor-widget-container\">\n\t\t\t\t\t<h2 class=\"elementor-heading-title elementor-size-default\">Rental<\/h2>\t\t\t\t<\/div>\n\t\t\t\t<\/div>\n\t\t\t\t<section class=\"elementor-section elementor-inner-section elementor-element elementor-element-2577100 elementor-section-full_width elementor-section-height-default elementor-section-height-default\" data-id=\"2577100\" data-element_type=\"section\">\n\t\t\t\t\t\t<div class=\"elementor-container elementor-column-gap-default\">\n\t\t\t\t\t<div class=\"elementor-column elementor-col-33 elementor-inner-column elementor-element elementor-element-5efabbd\" data-id=\"5efabbd\" data-element_type=\"column\" data-settings=\"{&quot;background_background&quot;:&quot;classic&quot;}\">\n\t\t\t<div class=\"elementor-widget-wrap elementor-element-populated\">\n\t\t\t\t\t\t<div class=\"elementor-element elementor-element-6557acc elementor-widget elementor-widget-image\" data-id=\"6557acc\" data-element_type=\"widget\" data-widget_type=\"image.default\">\n\t\t\t\t<div class=\"elementor-widget-container\">\n\t\t\t\t\t\t\t\t\t\t\t\t\t\t\t<img fetchpriority=\"high\" decoding=\"async\" width=\"800\" height=\"800\" src=\"https:\/\/geonordic.fi\/wp-content\/uploads\/2025\/02\/505.png\" class=\"elementor-animation-hang attachment-large size-large wp-image-1299\" alt=\"\" srcset=\"https:\/\/geonordic.fi\/wp-content\/uploads\/2025\/02\/505.png 800w, https:\/\/geonordic.fi\/wp-content\/uploads\/2025\/02\/505-300x300.png 300w, https:\/\/geonordic.fi\/wp-content\/uploads\/2025\/02\/505-150x150.png 150w, https:\/\/geonordic.fi\/wp-content\/uploads\/2025\/02\/505-768x768.png 768w, https:\/\/geonordic.fi\/wp-content\/uploads\/2025\/02\/505-12x12.png 12w\" sizes=\"(max-width: 800px) 100vw, 800px\" \/>\t\t\t\t\t\t\t\t\t\t\t\t\t\t\t<\/div>\n\t\t\t\t<\/div>\n\t\t\t\t<div class=\"elementor-element elementor-element-dd7631c elementor-widget elementor-widget-heading\" data-id=\"dd7631c\" data-element_type=\"widget\" data-widget_type=\"heading.default\">\n\t\t\t\t<div class=\"elementor-widget-container\">\n\t\t\t\t\t<h2 class=\"elementor-heading-title elementor-size-default\">Geotech 505<\/h2>\t\t\t\t<\/div>\n\t\t\t\t<\/div>\n\t\t\t\t<div class=\"elementor-element elementor-element-fabc7ff elementor-widget elementor-widget-text-editor\" data-id=\"fabc7ff\" data-element_type=\"widget\" data-widget_type=\"text-editor.default\">\n\t\t\t\t<div class=\"elementor-widget-container\">\n\t\t\t\t\t\t\t\t\t<p><span style=\"font-weight: 400;\">Geotech 505 keskiraskas kairausvaunu on suunniteltu suomalaisiin vaihteleviin olosuhteisiin ja kairauslajeihin. <\/span><\/p>\t\t\t\t\t\t\t\t<\/div>\n\t\t\t\t<\/div>\n\t\t\t\t\t<\/div>\n\t\t<\/div>\n\t\t\t\t<div class=\"elementor-column elementor-col-33 elementor-inner-column elementor-element elementor-element-a09ad0f\" data-id=\"a09ad0f\" data-element_type=\"column\" data-settings=\"{&quot;background_background&quot;:&quot;classic&quot;}\">\n\t\t\t<div class=\"elementor-widget-wrap elementor-element-populated\">\n\t\t\t\t\t\t<div class=\"elementor-element elementor-element-74441f7 elementor-widget elementor-widget-image\" data-id=\"74441f7\" data-element_type=\"widget\" data-widget_type=\"image.default\">\n\t\t\t\t<div class=\"elementor-widget-container\">\n\t\t\t\t\t\t\t\t\t\t\t\t\t\t\t<img decoding=\"async\" width=\"800\" height=\"800\" src=\"https:\/\/geonordic.fi\/wp-content\/uploads\/2025\/02\/Nimeton-malli-5.png\" class=\"elementor-animation-hang attachment-large size-large wp-image-1924\" alt=\"\" srcset=\"https:\/\/geonordic.fi\/wp-content\/uploads\/2025\/02\/Nimeton-malli-5.png 800w, https:\/\/geonordic.fi\/wp-content\/uploads\/2025\/02\/Nimeton-malli-5-300x300.png 300w, https:\/\/geonordic.fi\/wp-content\/uploads\/2025\/02\/Nimeton-malli-5-150x150.png 150w, https:\/\/geonordic.fi\/wp-content\/uploads\/2025\/02\/Nimeton-malli-5-768x768.png 768w, https:\/\/geonordic.fi\/wp-content\/uploads\/2025\/02\/Nimeton-malli-5-12x12.png 12w\" sizes=\"(max-width: 800px) 100vw, 800px\" \/>\t\t\t\t\t\t\t\t\t\t\t\t\t\t\t<\/div>\n\t\t\t\t<\/div>\n\t\t\t\t<div class=\"elementor-element elementor-element-8f6adab elementor-widget elementor-widget-heading\" data-id=\"8f6adab\" data-element_type=\"widget\" data-widget_type=\"heading.default\">\n\t\t\t\t<div class=\"elementor-widget-container\">\n\t\t\t\t\t<h2 class=\"elementor-heading-title elementor-size-default\">Siipilaatikko GM 4W Blue<\/h2>\t\t\t\t<\/div>\n\t\t\t\t<\/div>\n\t\t\t\t<div class=\"elementor-element elementor-element-55b4cb8 elementor-widget elementor-widget-text-editor\" data-id=\"55b4cb8\" data-element_type=\"widget\" data-widget_type=\"text-editor.default\">\n\t\t\t\t<div class=\"elementor-widget-container\">\n\t\t\t\t\t\t\t\t\tVuokrataan kalibroitu GM 4W Blue siipilaatikko.\t\t\t\t\t\t\t\t<\/div>\n\t\t\t\t<\/div>\n\t\t\t\t<div class=\"elementor-element elementor-element-a832037 elementor-align-left elementor-widget elementor-widget-button\" data-id=\"a832037\" data-element_type=\"widget\" data-widget_type=\"button.default\">\n\t\t\t\t<div class=\"elementor-widget-container\">\n\t\t\t\t\t\t\t\t\t<div class=\"elementor-button-wrapper\">\n\t\t\t\t\t<a class=\"elementor-button elementor-button-link elementor-size-sm elementor-animation-grow\" href=\"https:\/\/geonordic.fi\/en\/yhteydenotto\/\">\n\t\t\t\t\t\t<span class=\"elementor-button-content-wrapper\">\n\t\t\t\t\t\t\t\t\t<span class=\"elementor-button-text\">Pyyd\u00e4 tarjous \u00bb<\/span>\n\t\t\t\t\t<\/span>\n\t\t\t\t\t<\/a>\n\t\t\t\t<\/div>\n\t\t\t\t\t\t\t\t<\/div>\n\t\t\t\t<\/div>\n\t\t\t\t\t<\/div>\n\t\t<\/div>\n\t\t\t\t<div class=\"elementor-column elementor-col-33 elementor-inner-column elementor-element elementor-element-c079322\" data-id=\"c079322\" data-element_type=\"column\">\n\t\t\t<div class=\"elementor-widget-wrap\">\n\t\t\t\t\t\t\t<\/div>\n\t\t<\/div>\n\t\t\t\t\t<\/div>\n\t\t<\/section>\n\t\t\t\t\t<\/div>\n\t\t<\/div>\n\t\t\t\t\t<\/div>\n\t\t<\/section>\n\t\t\t\t<\/div>","protected":false},"excerpt":{"rendered":"<p>Vuokraus ja k\u00e4ytetyt Meill\u00e4 aina kunnossa olevat ja modernit kairauskoneet ja kairauskalusto vuokralle. Lue lis\u00e4\u00e4 meist\u00e4 Vuokraus Geotech 505 Geotech [&hellip;]<\/p>","protected":false},"author":1,"featured_media":601,"parent":0,"menu_order":0,"comment_status":"closed","ping_status":"closed","template":"elementor_header_footer","meta":{"site-sidebar-layout":"no-sidebar","site-content-layout":"","ast-site-content-layout":"full-width-container","site-content-style":"default","site-sidebar-style":"default","ast-global-header-display":"","ast-banner-title-visibility":"","ast-main-header-display":"","ast-hfb-above-header-display":"","ast-hfb-below-header-display":"","ast-hfb-mobile-header-display":"","site-post-title":"disabled","ast-breadcrumbs-content":"","ast-featured-img":"disabled","footer-sml-layout":"","theme-transparent-header-meta":"","adv-header-id-meta":"","stick-header-meta":"","header-above-stick-meta":"","header-main-stick-meta":"","header-below-stick-meta":"","astra-migrate-meta-layouts":"default","ast-page-background-enabled":"default","ast-page-background-meta":{"desktop":{"background-color":"var(--ast-global-color-4)","background-image":"","background-repeat":"repeat","background-position":"center center","background-size":"auto","background-attachment":"scroll","background-type":"","background-media":"","overlay-type":"","overlay-color":"","overlay-opacity":"","overlay-gradient":""},"tablet":{"background-color":"","background-image":"","background-repeat":"repeat","background-position":"center center","background-size":"auto","background-attachment":"scroll","background-type":"","background-media":"","overlay-type":"","overlay-color":"","overlay-opacity":"","overlay-gradient":""},"mobile":{"background-color":"","background-image":"","background-repeat":"repeat","background-position":"center center","background-size":"auto","background-attachment":"scroll","background-type":"","background-media":"","overlay-type":"","overlay-color":"","overlay-opacity":"","overlay-gradient":""}},"ast-content-background-meta":{"desktop":{"background-color":"var(--ast-global-color-5)","background-image":"","background-repeat":"repeat","background-position":"center center","background-size":"auto","background-attachment":"scroll","background-type":"","background-media":"","overlay-type":"","overlay-color":"","overlay-opacity":"","overlay-gradient":""},"tablet":{"background-color":"var(--ast-global-color-5)","background-image":"","background-repeat":"repeat","background-position":"center center","background-size":"auto","background-attachment":"scroll","background-type":"","background-media":"","overlay-type":"","overlay-color":"","overlay-opacity":"","overlay-gradient":""},"mobile":{"background-color":"var(--ast-global-color-5)","background-image":"","background-repeat":"repeat","background-position":"center center","background-size":"auto","background-attachment":"scroll","background-type":"","background-media":"","overlay-type":"","overlay-color":"","overlay-opacity":"","overlay-gradient":""}},"footnotes":""},"class_list":["post-555","page","type-page","status-publish","has-post-thumbnail","hentry"],"yoast_head":"<!-- This site is optimized with the Yoast SEO plugin v24.3 - https:\/\/yoast.com\/wordpress\/plugins\/seo\/ -->\n<title>Vuokraus ja k\u00e4ytetyt | Geonordic | Ota yhteytt\u00e4<\/title>\n<meta name=\"description\" content=\"Meilt\u00e4 aina kunnossa olevat ja modernit kairauskoneet vuokralle. Ota meihin rohkeasti yhteytt\u00e4 ja mietit\u00e4\u00e4n sinulle paras ratkaisu!\" \/>\n<meta name=\"robots\" content=\"index, follow, max-snippet:-1, max-image-preview:large, max-video-preview:-1\" \/>\n<link rel=\"canonical\" href=\"https:\/\/geonordic.fi\/en\/vuokraus-ja-kaytetyt\/\" \/>\n<meta property=\"og:locale\" content=\"en_GB\" \/>\n<meta property=\"og:type\" content=\"article\" \/>\n<meta property=\"og:title\" content=\"Vuokraus ja k\u00e4ytetyt | Geonordic | Ota yhteytt\u00e4\" \/>\n<meta property=\"og:description\" content=\"Meilt\u00e4 aina kunnossa olevat ja modernit kairauskoneet vuokralle. Ota meihin rohkeasti yhteytt\u00e4 ja mietit\u00e4\u00e4n sinulle paras ratkaisu!\" \/>\n<meta property=\"og:url\" content=\"https:\/\/geonordic.fi\/en\/vuokraus-ja-kaytetyt\/\" \/>\n<meta property=\"og:site_name\" content=\"Geonordic\" \/>\n<meta property=\"article:modified_time\" content=\"2025-07-09T07:42:42+00:00\" \/>\n<meta property=\"og:image\" content=\"https:\/\/geonordic.fi\/wp-content\/uploads\/2024\/05\/GM100-syvays.jpg\" \/>\n\t<meta property=\"og:image:width\" content=\"1200\" \/>\n\t<meta property=\"og:image:height\" content=\"1200\" \/>\n\t<meta property=\"og:image:type\" content=\"image\/jpeg\" \/>\n<meta name=\"twitter:card\" content=\"summary_large_image\" \/>\n<meta name=\"twitter:label1\" content=\"Estimated reading time\" \/>\n\t<meta name=\"twitter:data1\" content=\"1 minute\" \/>\n<script type=\"application\/ld+json\" class=\"yoast-schema-graph\">{\"@context\":\"https:\/\/schema.org\",\"@graph\":[{\"@type\":\"WebPage\",\"@id\":\"https:\/\/geonordic.fi\/vuokraus-ja-kaytetyt\/\",\"url\":\"https:\/\/geonordic.fi\/vuokraus-ja-kaytetyt\/\",\"name\":\"Vuokraus ja k\u00e4ytetyt | Geonordic | Ota yhteytt\u00e4\",\"isPartOf\":{\"@id\":\"https:\/\/geonordic.fi\/#website\"},\"primaryImageOfPage\":{\"@id\":\"https:\/\/geonordic.fi\/vuokraus-ja-kaytetyt\/#primaryimage\"},\"image\":{\"@id\":\"https:\/\/geonordic.fi\/vuokraus-ja-kaytetyt\/#primaryimage\"},\"thumbnailUrl\":\"https:\/\/geonordic.fi\/wp-content\/uploads\/2024\/05\/GM100-syvays.jpg\",\"datePublished\":\"2024-05-14T07:05:22+00:00\",\"dateModified\":\"2025-07-09T07:42:42+00:00\",\"description\":\"Meilt\u00e4 aina kunnossa olevat ja modernit kairauskoneet vuokralle. Ota meihin rohkeasti yhteytt\u00e4 ja mietit\u00e4\u00e4n sinulle paras ratkaisu!\",\"breadcrumb\":{\"@id\":\"https:\/\/geonordic.fi\/vuokraus-ja-kaytetyt\/#breadcrumb\"},\"inLanguage\":\"en-GB\",\"potentialAction\":[{\"@type\":\"ReadAction\",\"target\":[\"https:\/\/geonordic.fi\/vuokraus-ja-kaytetyt\/\"]}]},{\"@type\":\"ImageObject\",\"inLanguage\":\"en-GB\",\"@id\":\"https:\/\/geonordic.fi\/vuokraus-ja-kaytetyt\/#primaryimage\",\"url\":\"https:\/\/geonordic.fi\/wp-content\/uploads\/2024\/05\/GM100-syvays.jpg\",\"contentUrl\":\"https:\/\/geonordic.fi\/wp-content\/uploads\/2024\/05\/GM100-syvays.jpg\",\"width\":1200,\"height\":1200},{\"@type\":\"BreadcrumbList\",\"@id\":\"https:\/\/geonordic.fi\/vuokraus-ja-kaytetyt\/#breadcrumb\",\"itemListElement\":[{\"@type\":\"ListItem\",\"position\":1,\"name\":\"Etusivu\",\"item\":\"https:\/\/geonordic.fi\/\"},{\"@type\":\"ListItem\",\"position\":2,\"name\":\"Vuokraus ja k\u00e4ytetyt\"}]},{\"@type\":\"WebSite\",\"@id\":\"https:\/\/geonordic.fi\/#website\",\"url\":\"https:\/\/geonordic.fi\/\",\"name\":\"Geonordic\",\"description\":\"\",\"potentialAction\":[{\"@type\":\"SearchAction\",\"target\":{\"@type\":\"EntryPoint\",\"urlTemplate\":\"https:\/\/geonordic.fi\/?s={search_term_string}\"},\"query-input\":{\"@type\":\"PropertyValueSpecification\",\"valueRequired\":true,\"valueName\":\"search_term_string\"}}],\"inLanguage\":\"en-GB\"}]}<\/script>\n<!-- \/ Yoast SEO plugin. -->","yoast_head_json":{"title":"Vuokraus ja k\u00e4ytetyt | Geonordic | Ota yhteytt\u00e4","description":"Meilt\u00e4 aina kunnossa olevat ja modernit kairauskoneet vuokralle. Ota meihin rohkeasti yhteytt\u00e4 ja mietit\u00e4\u00e4n sinulle paras ratkaisu!","robots":{"index":"index","follow":"follow","max-snippet":"max-snippet:-1","max-image-preview":"max-image-preview:large","max-video-preview":"max-video-preview:-1"},"canonical":"https:\/\/geonordic.fi\/en\/vuokraus-ja-kaytetyt\/","og_locale":"en_GB","og_type":"article","og_title":"Vuokraus ja k\u00e4ytetyt | Geonordic | Ota yhteytt\u00e4","og_description":"Meilt\u00e4 aina kunnossa olevat ja modernit kairauskoneet vuokralle. Ota meihin rohkeasti yhteytt\u00e4 ja mietit\u00e4\u00e4n sinulle paras ratkaisu!","og_url":"https:\/\/geonordic.fi\/en\/vuokraus-ja-kaytetyt\/","og_site_name":"Geonordic","article_modified_time":"2025-07-09T07:42:42+00:00","og_image":[{"width":1200,"height":1200,"url":"https:\/\/geonordic.fi\/wp-content\/uploads\/2024\/05\/GM100-syvays.jpg","type":"image\/jpeg"}],"twitter_card":"summary_large_image","twitter_misc":{"Estimated reading time":"1 minute"},"schema":{"@context":"https:\/\/schema.org","@graph":[{"@type":"WebPage","@id":"https:\/\/geonordic.fi\/vuokraus-ja-kaytetyt\/","url":"https:\/\/geonordic.fi\/vuokraus-ja-kaytetyt\/","name":"Vuokraus ja k\u00e4ytetyt | Geonordic | Ota yhteytt\u00e4","isPartOf":{"@id":"https:\/\/geonordic.fi\/#website"},"primaryImageOfPage":{"@id":"https:\/\/geonordic.fi\/vuokraus-ja-kaytetyt\/#primaryimage"},"image":{"@id":"https:\/\/geonordic.fi\/vuokraus-ja-kaytetyt\/#primaryimage"},"thumbnailUrl":"https:\/\/geonordic.fi\/wp-content\/uploads\/2024\/05\/GM100-syvays.jpg","datePublished":"2024-05-14T07:05:22+00:00","dateModified":"2025-07-09T07:42:42+00:00","description":"Meilt\u00e4 aina kunnossa olevat ja modernit kairauskoneet vuokralle. Ota meihin rohkeasti yhteytt\u00e4 ja mietit\u00e4\u00e4n sinulle paras ratkaisu!","breadcrumb":{"@id":"https:\/\/geonordic.fi\/vuokraus-ja-kaytetyt\/#breadcrumb"},"inLanguage":"en-GB","potentialAction":[{"@type":"ReadAction","target":["https:\/\/geonordic.fi\/vuokraus-ja-kaytetyt\/"]}]},{"@type":"ImageObject","inLanguage":"en-GB","@id":"https:\/\/geonordic.fi\/vuokraus-ja-kaytetyt\/#primaryimage","url":"https:\/\/geonordic.fi\/wp-content\/uploads\/2024\/05\/GM100-syvays.jpg","contentUrl":"https:\/\/geonordic.fi\/wp-content\/uploads\/2024\/05\/GM100-syvays.jpg","width":1200,"height":1200},{"@type":"BreadcrumbList","@id":"https:\/\/geonordic.fi\/vuokraus-ja-kaytetyt\/#breadcrumb","itemListElement":[{"@type":"ListItem","position":1,"name":"Etusivu","item":"https:\/\/geonordic.fi\/"},{"@type":"ListItem","position":2,"name":"Vuokraus ja k\u00e4ytetyt"}]},{"@type":"WebSite","@id":"https:\/\/geonordic.fi\/#website","url":"https:\/\/geonordic.fi\/","name":"Geonordic","description":"","potentialAction":[{"@type":"SearchAction","target":{"@type":"EntryPoint","urlTemplate":"https:\/\/geonordic.fi\/?s={search_term_string}"},"query-input":{"@type":"PropertyValueSpecification","valueRequired":true,"valueName":"search_term_string"}}],"inLanguage":"en-GB"}]}},"_links":{"self":[{"href":"https:\/\/geonordic.fi\/en\/wp-json\/wp\/v2\/pages\/555","targetHints":{"allow":["GET"]}}],"collection":[{"href":"https:\/\/geonordic.fi\/en\/wp-json\/wp\/v2\/pages"}],"about":[{"href":"https:\/\/geonordic.fi\/en\/wp-json\/wp\/v2\/types\/page"}],"author":[{"embeddable":true,"href":"https:\/\/geonordic.fi\/en\/wp-json\/wp\/v2\/users\/1"}],"replies":[{"embeddable":true,"href":"https:\/\/geonordic.fi\/en\/wp-json\/wp\/v2\/comments?post=555"}],"version-history":[{"count":73,"href":"https:\/\/geonordic.fi\/en\/wp-json\/wp\/v2\/pages\/555\/revisions"}],"predecessor-version":[{"id":2969,"href":"https:\/\/geonordic.fi\/en\/wp-json\/wp\/v2\/pages\/555\/revisions\/2969"}],"wp:featuredmedia":[{"embeddable":true,"href":"https:\/\/geonordic.fi\/en\/wp-json\/wp\/v2\/media\/601"}],"wp:attachment":[{"href":"https:\/\/geonordic.fi\/en\/wp-json\/wp\/v2\/media?parent=555"}],"curies":[{"name":"wp","href":"https:\/\/api.w.org\/{rel}","templated":true}]}}