{"id":474,"date":"2024-05-13T11:19:55","date_gmt":"2024-05-13T11:19:55","guid":{"rendered":"https:\/\/geonordic.fi\/?page_id=474"},"modified":"2025-07-09T07:50:15","modified_gmt":"2025-07-09T07:50:15","slug":"huolto","status":"publish","type":"page","link":"https:\/\/geonordic.fi\/en\/huolto\/","title":{"rendered":"Maintenance"},"content":{"rendered":"<div data-elementor-type=\"wp-page\" data-elementor-id=\"474\" class=\"elementor elementor-474\" data-elementor-post-type=\"page\">\n\t\t\t\t\t\t<section class=\"elementor-section elementor-top-section elementor-element elementor-element-98cc836 elementor-section-boxed elementor-section-height-default elementor-section-height-default\" data-id=\"98cc836\" data-element_type=\"section\" data-settings=\"{&quot;background_background&quot;:&quot;classic&quot;,&quot;background_motion_fx_motion_fx_scrolling&quot;:&quot;yes&quot;,&quot;background_motion_fx_scale_effect&quot;:&quot;yes&quot;,&quot;background_motion_fx_scale_direction&quot;:&quot;out-in&quot;,&quot;background_motion_fx_scale_speed&quot;:{&quot;unit&quot;:&quot;px&quot;,&quot;size&quot;:4,&quot;sizes&quot;:[]},&quot;background_motion_fx_scale_range&quot;:{&quot;unit&quot;:&quot;%&quot;,&quot;size&quot;:&quot;&quot;,&quot;sizes&quot;:{&quot;start&quot;:20,&quot;end&quot;:80}},&quot;background_motion_fx_devices&quot;:[&quot;desktop&quot;,&quot;tablet&quot;,&quot;mobile&quot;]}\">\n\t\t\t\t\t\t\t<div class=\"elementor-background-overlay\"><\/div>\n\t\t\t\t\t\t\t<div class=\"elementor-container elementor-column-gap-default\">\n\t\t\t\t\t<div class=\"elementor-column elementor-col-50 elementor-top-column elementor-element elementor-element-54feb28\" data-id=\"54feb28\" data-element_type=\"column\">\n\t\t\t<div class=\"elementor-widget-wrap elementor-element-populated\">\n\t\t\t\t\t\t<div class=\"elementor-element elementor-element-e7d3ae5 elementor-widget elementor-widget-heading\" data-id=\"e7d3ae5\" data-element_type=\"widget\" data-widget_type=\"heading.default\">\n\t\t\t\t<div class=\"elementor-widget-container\">\n\t\t\t\t\t<h2 class=\"elementor-heading-title elementor-size-default\">Maintenance<\/h2>\t\t\t\t<\/div>\n\t\t\t\t<\/div>\n\t\t\t\t<div class=\"elementor-element elementor-element-b73bda5 elementor-widget elementor-widget-text-editor\" data-id=\"b73bda5\" data-element_type=\"widget\" data-widget_type=\"text-editor.default\">\n\t\t\t\t<div class=\"elementor-widget-container\">\n\t\t\t\t\t\t\t\t\tOur comprehensive service department, specialised in soil testing machines, operates in southern Finland and, if necessary, an equipped service vehicle is also available in the field.\n\n\t\t\t\t\t\t\t\t<\/div>\n\t\t\t\t<\/div>\n\t\t\t\t<div class=\"elementor-element elementor-element-dbe74cc elementor-widget elementor-widget-button\" data-id=\"dbe74cc\" data-element_type=\"widget\" data-widget_type=\"button.default\">\n\t\t\t\t<div class=\"elementor-widget-container\">\n\t\t\t\t\t\t\t\t\t<div class=\"elementor-button-wrapper\">\n\t\t\t\t\t<a class=\"elementor-button elementor-button-link elementor-size-sm\" href=\"https:\/\/geonordic.fi\/en\/yhteydenotto\/\">\n\t\t\t\t\t\t<span class=\"elementor-button-content-wrapper\">\n\t\t\t\t\t\t\t\t\t<span class=\"elementor-button-text\">Contact us<\/span>\n\t\t\t\t\t<\/span>\n\t\t\t\t\t<\/a>\n\t\t\t\t<\/div>\n\t\t\t\t\t\t\t\t<\/div>\n\t\t\t\t<\/div>\n\t\t\t\t\t<\/div>\n\t\t<\/div>\n\t\t\t\t<div class=\"elementor-column elementor-col-50 elementor-top-column elementor-element elementor-element-c9136b7\" data-id=\"c9136b7\" data-element_type=\"column\">\n\t\t\t<div class=\"elementor-widget-wrap\">\n\t\t\t\t\t\t\t<\/div>\n\t\t<\/div>\n\t\t\t\t\t<\/div>\n\t\t<\/section>\n\t\t\t\t<\/div>","protected":false},"excerpt":{"rendered":"<p>Huolto Kattava ja erityisesti maaper\u00e4tutkimuskoneisiin erikoistunut huoltomme toimii Etel\u00e4-Suomessa ja tarvittaessa varusteltu huolto-auto my\u00f6s maastossa. Ota yhteytt\u00e4<\/p>","protected":false},"author":1,"featured_media":248,"parent":0,"menu_order":0,"comment_status":"closed","ping_status":"closed","template":"elementor_header_footer","meta":{"site-sidebar-layout":"no-sidebar","site-content-layout":"","ast-site-content-layout":"full-width-container","site-content-style":"default","site-sidebar-style":"default","ast-global-header-display":"","ast-banner-title-visibility":"","ast-main-header-display":"","ast-hfb-above-header-display":"","ast-hfb-below-header-display":"","ast-hfb-mobile-header-display":"","site-post-title":"disabled","ast-breadcrumbs-content":"","ast-featured-img":"disabled","footer-sml-layout":"","theme-transparent-header-meta":"","adv-header-id-meta":"","stick-header-meta":"","header-above-stick-meta":"","header-main-stick-meta":"","header-below-stick-meta":"","astra-migrate-meta-layouts":"default","ast-page-background-enabled":"default","ast-page-background-meta":{"desktop":{"background-color":"var(--ast-global-color-4)","background-image":"","background-repeat":"repeat","background-position":"center center","background-size":"auto","background-attachment":"scroll","background-type":"","background-media":"","overlay-type":"","overlay-color":"","overlay-opacity":"","overlay-gradient":""},"tablet":{"background-color":"","background-image":"","background-repeat":"repeat","background-position":"center center","background-size":"auto","background-attachment":"scroll","background-type":"","background-media":"","overlay-type":"","overlay-color":"","overlay-opacity":"","overlay-gradient":""},"mobile":{"background-color":"","background-image":"","background-repeat":"repeat","background-position":"center center","background-size":"auto","background-attachment":"scroll","background-type":"","background-media":"","overlay-type":"","overlay-color":"","overlay-opacity":"","overlay-gradient":""}},"ast-content-background-meta":{"desktop":{"background-color":"var(--ast-global-color-5)","background-image":"","background-repeat":"repeat","background-position":"center center","background-size":"auto","background-attachment":"scroll","background-type":"","background-media":"","overlay-type":"","overlay-color":"","overlay-opacity":"","overlay-gradient":""},"tablet":{"background-color":"var(--ast-global-color-5)","background-image":"","background-repeat":"repeat","background-position":"center center","background-size":"auto","background-attachment":"scroll","background-type":"","background-media":"","overlay-type":"","overlay-color":"","overlay-opacity":"","overlay-gradient":""},"mobile":{"background-color":"var(--ast-global-color-5)","background-image":"","background-repeat":"repeat","background-position":"center center","background-size":"auto","background-attachment":"scroll","background-type":"","background-media":"","overlay-type":"","overlay-color":"","overlay-opacity":"","overlay-gradient":""}},"footnotes":""},"class_list":["post-474","page","type-page","status-publish","has-post-thumbnail","hentry"],"yoast_head":"<!-- This site is optimized with the Yoast SEO plugin v24.3 - https:\/\/yoast.com\/wordpress\/plugins\/seo\/ -->\n<title>Geonordic | Huolto | Ota yhteytt\u00e4<\/title>\n<meta name=\"description\" content=\"Kattava ja erityisesti maaper\u00e4tutkimuskoneisiin erikoistunut huoltomme toimii Etel\u00e4-Suomessa ja tarvittaessa...\" \/>\n<meta name=\"robots\" content=\"index, follow, max-snippet:-1, max-image-preview:large, max-video-preview:-1\" \/>\n<link rel=\"canonical\" href=\"https:\/\/geonordic.fi\/en\/huolto\/\" \/>\n<meta property=\"og:locale\" content=\"en_GB\" \/>\n<meta property=\"og:type\" content=\"article\" \/>\n<meta property=\"og:title\" content=\"Geonordic | Huolto | Ota yhteytt\u00e4\" \/>\n<meta property=\"og:description\" content=\"Kattava ja erityisesti maaper\u00e4tutkimuskoneisiin erikoistunut huoltomme toimii Etel\u00e4-Suomessa ja tarvittaessa...\" \/>\n<meta property=\"og:url\" content=\"https:\/\/geonordic.fi\/en\/huolto\/\" \/>\n<meta property=\"og:site_name\" content=\"Geonordic\" \/>\n<meta property=\"article:modified_time\" content=\"2025-07-09T07:50:15+00:00\" \/>\n<meta property=\"og:image\" content=\"https:\/\/geonordic.fi\/wp-content\/uploads\/2024\/05\/DSC00069-scaled.jpg\" \/>\n\t<meta property=\"og:image:width\" content=\"2560\" \/>\n\t<meta property=\"og:image:height\" content=\"1707\" \/>\n\t<meta property=\"og:image:type\" content=\"image\/jpeg\" \/>\n<meta name=\"twitter:card\" content=\"summary_large_image\" \/>\n<meta name=\"twitter:label1\" content=\"Estimated reading time\" \/>\n\t<meta name=\"twitter:data1\" content=\"1 minute\" \/>\n<script type=\"application\/ld+json\" class=\"yoast-schema-graph\">{\"@context\":\"https:\/\/schema.org\",\"@graph\":[{\"@type\":\"WebPage\",\"@id\":\"https:\/\/geonordic.fi\/huolto\/\",\"url\":\"https:\/\/geonordic.fi\/huolto\/\",\"name\":\"Geonordic | Huolto | Ota yhteytt\u00e4\",\"isPartOf\":{\"@id\":\"https:\/\/geonordic.fi\/#website\"},\"primaryImageOfPage\":{\"@id\":\"https:\/\/geonordic.fi\/huolto\/#primaryimage\"},\"image\":{\"@id\":\"https:\/\/geonordic.fi\/huolto\/#primaryimage\"},\"thumbnailUrl\":\"https:\/\/geonordic.fi\/wp-content\/uploads\/2024\/05\/DSC00069-scaled.jpg\",\"datePublished\":\"2024-05-13T11:19:55+00:00\",\"dateModified\":\"2025-07-09T07:50:15+00:00\",\"description\":\"Kattava ja erityisesti maaper\u00e4tutkimuskoneisiin erikoistunut huoltomme toimii Etel\u00e4-Suomessa ja tarvittaessa...\",\"breadcrumb\":{\"@id\":\"https:\/\/geonordic.fi\/huolto\/#breadcrumb\"},\"inLanguage\":\"en-GB\",\"potentialAction\":[{\"@type\":\"ReadAction\",\"target\":[\"https:\/\/geonordic.fi\/huolto\/\"]}]},{\"@type\":\"ImageObject\",\"inLanguage\":\"en-GB\",\"@id\":\"https:\/\/geonordic.fi\/huolto\/#primaryimage\",\"url\":\"https:\/\/geonordic.fi\/wp-content\/uploads\/2024\/05\/DSC00069-scaled.jpg\",\"contentUrl\":\"https:\/\/geonordic.fi\/wp-content\/uploads\/2024\/05\/DSC00069-scaled.jpg\",\"width\":2560,\"height\":1707},{\"@type\":\"BreadcrumbList\",\"@id\":\"https:\/\/geonordic.fi\/huolto\/#breadcrumb\",\"itemListElement\":[{\"@type\":\"ListItem\",\"position\":1,\"name\":\"Etusivu\",\"item\":\"https:\/\/geonordic.fi\/\"},{\"@type\":\"ListItem\",\"position\":2,\"name\":\"Huolto\"}]},{\"@type\":\"WebSite\",\"@id\":\"https:\/\/geonordic.fi\/#website\",\"url\":\"https:\/\/geonordic.fi\/\",\"name\":\"Geonordic\",\"description\":\"\",\"potentialAction\":[{\"@type\":\"SearchAction\",\"target\":{\"@type\":\"EntryPoint\",\"urlTemplate\":\"https:\/\/geonordic.fi\/?s={search_term_string}\"},\"query-input\":{\"@type\":\"PropertyValueSpecification\",\"valueRequired\":true,\"valueName\":\"search_term_string\"}}],\"inLanguage\":\"en-GB\"}]}<\/script>\n<!-- \/ Yoast SEO plugin. -->","yoast_head_json":{"title":"Geonordic | Huolto | Ota yhteytt\u00e4","description":"Kattava ja erityisesti maaper\u00e4tutkimuskoneisiin erikoistunut huoltomme toimii Etel\u00e4-Suomessa ja tarvittaessa...","robots":{"index":"index","follow":"follow","max-snippet":"max-snippet:-1","max-image-preview":"max-image-preview:large","max-video-preview":"max-video-preview:-1"},"canonical":"https:\/\/geonordic.fi\/en\/huolto\/","og_locale":"en_GB","og_type":"article","og_title":"Geonordic | Huolto | Ota yhteytt\u00e4","og_description":"Kattava ja erityisesti maaper\u00e4tutkimuskoneisiin erikoistunut huoltomme toimii Etel\u00e4-Suomessa ja tarvittaessa...","og_url":"https:\/\/geonordic.fi\/en\/huolto\/","og_site_name":"Geonordic","article_modified_time":"2025-07-09T07:50:15+00:00","og_image":[{"width":2560,"height":1707,"url":"https:\/\/geonordic.fi\/wp-content\/uploads\/2024\/05\/DSC00069-scaled.jpg","type":"image\/jpeg"}],"twitter_card":"summary_large_image","twitter_misc":{"Estimated reading time":"1 minute"},"schema":{"@context":"https:\/\/schema.org","@graph":[{"@type":"WebPage","@id":"https:\/\/geonordic.fi\/huolto\/","url":"https:\/\/geonordic.fi\/huolto\/","name":"Geonordic | Huolto | Ota yhteytt\u00e4","isPartOf":{"@id":"https:\/\/geonordic.fi\/#website"},"primaryImageOfPage":{"@id":"https:\/\/geonordic.fi\/huolto\/#primaryimage"},"image":{"@id":"https:\/\/geonordic.fi\/huolto\/#primaryimage"},"thumbnailUrl":"https:\/\/geonordic.fi\/wp-content\/uploads\/2024\/05\/DSC00069-scaled.jpg","datePublished":"2024-05-13T11:19:55+00:00","dateModified":"2025-07-09T07:50:15+00:00","description":"Kattava ja erityisesti maaper\u00e4tutkimuskoneisiin erikoistunut huoltomme toimii Etel\u00e4-Suomessa ja tarvittaessa...","breadcrumb":{"@id":"https:\/\/geonordic.fi\/huolto\/#breadcrumb"},"inLanguage":"en-GB","potentialAction":[{"@type":"ReadAction","target":["https:\/\/geonordic.fi\/huolto\/"]}]},{"@type":"ImageObject","inLanguage":"en-GB","@id":"https:\/\/geonordic.fi\/huolto\/#primaryimage","url":"https:\/\/geonordic.fi\/wp-content\/uploads\/2024\/05\/DSC00069-scaled.jpg","contentUrl":"https:\/\/geonordic.fi\/wp-content\/uploads\/2024\/05\/DSC00069-scaled.jpg","width":2560,"height":1707},{"@type":"BreadcrumbList","@id":"https:\/\/geonordic.fi\/huolto\/#breadcrumb","itemListElement":[{"@type":"ListItem","position":1,"name":"Etusivu","item":"https:\/\/geonordic.fi\/"},{"@type":"ListItem","position":2,"name":"Huolto"}]},{"@type":"WebSite","@id":"https:\/\/geonordic.fi\/#website","url":"https:\/\/geonordic.fi\/","name":"Geonordic","description":"","potentialAction":[{"@type":"SearchAction","target":{"@type":"EntryPoint","urlTemplate":"https:\/\/geonordic.fi\/?s={search_term_string}"},"query-input":{"@type":"PropertyValueSpecification","valueRequired":true,"valueName":"search_term_string"}}],"inLanguage":"en-GB"}]}},"_links":{"self":[{"href":"https:\/\/geonordic.fi\/en\/wp-json\/wp\/v2\/pages\/474","targetHints":{"allow":["GET"]}}],"collection":[{"href":"https:\/\/geonordic.fi\/en\/wp-json\/wp\/v2\/pages"}],"about":[{"href":"https:\/\/geonordic.fi\/en\/wp-json\/wp\/v2\/types\/page"}],"author":[{"embeddable":true,"href":"https:\/\/geonordic.fi\/en\/wp-json\/wp\/v2\/users\/1"}],"replies":[{"embeddable":true,"href":"https:\/\/geonordic.fi\/en\/wp-json\/wp\/v2\/comments?post=474"}],"version-history":[{"count":22,"href":"https:\/\/geonordic.fi\/en\/wp-json\/wp\/v2\/pages\/474\/revisions"}],"predecessor-version":[{"id":2990,"href":"https:\/\/geonordic.fi\/en\/wp-json\/wp\/v2\/pages\/474\/revisions\/2990"}],"wp:featuredmedia":[{"embeddable":true,"href":"https:\/\/geonordic.fi\/en\/wp-json\/wp\/v2\/media\/248"}],"wp:attachment":[{"href":"https:\/\/geonordic.fi\/en\/wp-json\/wp\/v2\/media?parent=474"}],"curies":[{"name":"wp","href":"https:\/\/api.w.org\/{rel}","templated":true}]}}