{"id":380,"date":"2024-05-13T10:35:18","date_gmt":"2024-05-13T10:35:18","guid":{"rendered":"https:\/\/geonordic.fi\/?page_id=380"},"modified":"2025-07-09T07:13:28","modified_gmt":"2025-07-09T07:13:28","slug":"naytteenottimet","status":"publish","type":"page","link":"https:\/\/geonordic.fi\/en\/naytteenottimet\/","title":{"rendered":"Samplers"},"content":{"rendered":"<div data-elementor-type=\"wp-page\" data-elementor-id=\"380\" class=\"elementor elementor-380\" data-elementor-post-type=\"page\">\n\t\t\t\t\t\t<section class=\"elementor-section elementor-top-section elementor-element elementor-element-e9ea645 elementor-section-boxed elementor-section-height-default elementor-section-height-default\" data-id=\"e9ea645\" data-element_type=\"section\" data-settings=\"{&quot;background_background&quot;:&quot;classic&quot;,&quot;background_motion_fx_motion_fx_scrolling&quot;:&quot;yes&quot;,&quot;background_motion_fx_scale_effect&quot;:&quot;yes&quot;,&quot;background_motion_fx_scale_direction&quot;:&quot;out-in&quot;,&quot;background_motion_fx_scale_speed&quot;:{&quot;unit&quot;:&quot;px&quot;,&quot;size&quot;:4,&quot;sizes&quot;:[]},&quot;background_motion_fx_scale_range&quot;:{&quot;unit&quot;:&quot;%&quot;,&quot;size&quot;:&quot;&quot;,&quot;sizes&quot;:{&quot;start&quot;:20,&quot;end&quot;:80}},&quot;background_motion_fx_devices&quot;:[&quot;desktop&quot;,&quot;tablet&quot;,&quot;mobile&quot;]}\">\n\t\t\t\t\t\t\t<div class=\"elementor-background-overlay\"><\/div>\n\t\t\t\t\t\t\t<div class=\"elementor-container elementor-column-gap-default\">\n\t\t\t\t\t<div class=\"elementor-column elementor-col-50 elementor-top-column elementor-element elementor-element-089e617\" data-id=\"089e617\" data-element_type=\"column\">\n\t\t\t<div class=\"elementor-widget-wrap elementor-element-populated\">\n\t\t\t\t\t\t<div class=\"elementor-element elementor-element-2a75a59 elementor-widget elementor-widget-heading\" data-id=\"2a75a59\" data-element_type=\"widget\" data-widget_type=\"heading.default\">\n\t\t\t\t<div class=\"elementor-widget-container\">\n\t\t\t\t\t<h2 class=\"elementor-heading-title elementor-size-default\">Samplers<\/h2>\t\t\t\t<\/div>\n\t\t\t\t<\/div>\n\t\t\t\t<div class=\"elementor-element elementor-element-5aeda50 elementor-widget elementor-widget-text-editor\" data-id=\"5aeda50\" data-element_type=\"widget\" data-widget_type=\"text-editor.default\">\n\t\t\t\t<div class=\"elementor-widget-container\">\n\t\t\t\t\t\t\t\t\tA wide range for disturbed and undisturbed soil sampling.\n\n\t\t\t\t\t\t\t\t<\/div>\n\t\t\t\t<\/div>\n\t\t\t\t<div class=\"elementor-element elementor-element-ccab181 elementor-widget elementor-widget-button\" data-id=\"ccab181\" data-element_type=\"widget\" data-widget_type=\"button.default\">\n\t\t\t\t<div class=\"elementor-widget-container\">\n\t\t\t\t\t\t\t\t\t<div class=\"elementor-button-wrapper\">\n\t\t\t\t\t<a class=\"elementor-button elementor-button-link elementor-size-sm\" href=\"https:\/\/geonordic.fi\/en\/yhteydenotto\/\">\n\t\t\t\t\t\t<span class=\"elementor-button-content-wrapper\">\n\t\t\t\t\t\t\t\t\t<span class=\"elementor-button-text\">Contact us<\/span>\n\t\t\t\t\t<\/span>\n\t\t\t\t\t<\/a>\n\t\t\t\t<\/div>\n\t\t\t\t\t\t\t\t<\/div>\n\t\t\t\t<\/div>\n\t\t\t\t\t<\/div>\n\t\t<\/div>\n\t\t\t\t<div class=\"elementor-column elementor-col-50 elementor-top-column elementor-element elementor-element-f03f03d\" data-id=\"f03f03d\" data-element_type=\"column\">\n\t\t\t<div class=\"elementor-widget-wrap\">\n\t\t\t\t\t\t\t<\/div>\n\t\t<\/div>\n\t\t\t\t\t<\/div>\n\t\t<\/section>\n\t\t\t\t<section class=\"elementor-section elementor-top-section elementor-element elementor-element-2e30a26 elementor-section-boxed elementor-section-height-default elementor-section-height-default\" data-id=\"2e30a26\" data-element_type=\"section\" data-settings=\"{&quot;background_background&quot;:&quot;classic&quot;}\">\n\t\t\t\t\t\t<div class=\"elementor-container elementor-column-gap-default\">\n\t\t\t\t\t<div class=\"elementor-column elementor-col-100 elementor-top-column elementor-element elementor-element-e1b2045\" data-id=\"e1b2045\" data-element_type=\"column\">\n\t\t\t<div class=\"elementor-widget-wrap elementor-element-populated\">\n\t\t\t\t\t\t<section class=\"elementor-section elementor-inner-section elementor-element elementor-element-8adbe28 elementor-section-full_width elementor-section-height-default elementor-section-height-default\" data-id=\"8adbe28\" data-element_type=\"section\">\n\t\t\t\t\t\t<div class=\"elementor-container elementor-column-gap-default\">\n\t\t\t\t\t<div class=\"elementor-column elementor-col-33 elementor-inner-column elementor-element elementor-element-9f0b2de\" data-id=\"9f0b2de\" data-element_type=\"column\" data-settings=\"{&quot;background_background&quot;:&quot;classic&quot;}\">\n\t\t\t<div class=\"elementor-widget-wrap elementor-element-populated\">\n\t\t\t\t\t\t<div class=\"elementor-element elementor-element-536a568 elementor-widget elementor-widget-image\" data-id=\"536a568\" data-element_type=\"widget\" data-widget_type=\"image.default\">\n\t\t\t\t<div class=\"elementor-widget-container\">\n\t\t\t\t\t\t\t\t\t\t\t\t\t\t\t<img fetchpriority=\"high\" decoding=\"async\" width=\"1024\" height=\"683\" src=\"https:\/\/geonordic.fi\/wp-content\/uploads\/2025\/03\/23-1024x683.jpg\" class=\"elementor-animation-hang attachment-large size-large wp-image-2032\" alt=\"\" srcset=\"https:\/\/geonordic.fi\/wp-content\/uploads\/2025\/03\/23-1024x683.jpg 1024w, https:\/\/geonordic.fi\/wp-content\/uploads\/2025\/03\/23-300x200.jpg 300w, https:\/\/geonordic.fi\/wp-content\/uploads\/2025\/03\/23-768x512.jpg 768w, https:\/\/geonordic.fi\/wp-content\/uploads\/2025\/03\/23-18x12.jpg 18w, https:\/\/geonordic.fi\/wp-content\/uploads\/2025\/03\/23.jpg 1500w\" sizes=\"(max-width: 1024px) 100vw, 1024px\" \/>\t\t\t\t\t\t\t\t\t\t\t\t\t\t\t<\/div>\n\t\t\t\t<\/div>\n\t\t\t\t<div class=\"elementor-element elementor-element-fbae2a6 elementor-widget elementor-widget-heading\" data-id=\"fbae2a6\" data-element_type=\"widget\" data-widget_type=\"heading.default\">\n\t\t\t\t<div class=\"elementor-widget-container\">\n\t\t\t\t\t<h2 class=\"elementor-heading-title elementor-size-default\">Samplers <\/h2>\t\t\t\t<\/div>\n\t\t\t\t<\/div>\n\t\t\t\t<div class=\"elementor-element elementor-element-64557db elementor-align-left elementor-widget elementor-widget-button\" data-id=\"64557db\" data-element_type=\"widget\" data-widget_type=\"button.default\">\n\t\t\t\t<div class=\"elementor-widget-container\">\n\t\t\t\t\t\t\t\t\t<div class=\"elementor-button-wrapper\">\n\t\t\t\t\t<a class=\"elementor-button elementor-button-link elementor-size-sm elementor-animation-grow\" href=\"https:\/\/geonordic.fi\/en\/naytteenottimet-2\/\">\n\t\t\t\t\t\t<span class=\"elementor-button-content-wrapper\">\n\t\t\t\t\t\t\t\t\t<span class=\"elementor-button-text\">View products \u00bb<\/span>\n\t\t\t\t\t<\/span>\n\t\t\t\t\t<\/a>\n\t\t\t\t<\/div>\n\t\t\t\t\t\t\t\t<\/div>\n\t\t\t\t<\/div>\n\t\t\t\t\t<\/div>\n\t\t<\/div>\n\t\t\t\t<div class=\"elementor-column elementor-col-33 elementor-inner-column elementor-element elementor-element-1178f4b\" data-id=\"1178f4b\" data-element_type=\"column\" data-settings=\"{&quot;background_background&quot;:&quot;classic&quot;}\">\n\t\t\t<div class=\"elementor-widget-wrap elementor-element-populated\">\n\t\t\t\t\t\t<div class=\"elementor-element elementor-element-2c9d133 elementor-widget elementor-widget-image\" data-id=\"2c9d133\" data-element_type=\"widget\" data-widget_type=\"image.default\">\n\t\t\t\t<div class=\"elementor-widget-container\">\n\t\t\t\t\t\t\t\t\t\t\t\t\t\t\t<img decoding=\"async\" width=\"1024\" height=\"683\" src=\"https:\/\/geonordic.fi\/wp-content\/uploads\/2025\/03\/28-1024x683.jpg\" class=\"elementor-animation-hang attachment-large size-large wp-image-2055\" alt=\"\" srcset=\"https:\/\/geonordic.fi\/wp-content\/uploads\/2025\/03\/28-1024x683.jpg 1024w, https:\/\/geonordic.fi\/wp-content\/uploads\/2025\/03\/28-300x200.jpg 300w, https:\/\/geonordic.fi\/wp-content\/uploads\/2025\/03\/28-768x512.jpg 768w, https:\/\/geonordic.fi\/wp-content\/uploads\/2025\/03\/28-18x12.jpg 18w, https:\/\/geonordic.fi\/wp-content\/uploads\/2025\/03\/28.jpg 1500w\" sizes=\"(max-width: 1024px) 100vw, 1024px\" \/>\t\t\t\t\t\t\t\t\t\t\t\t\t\t\t<\/div>\n\t\t\t\t<\/div>\n\t\t\t\t<div class=\"elementor-element elementor-element-8499737 elementor-widget elementor-widget-heading\" data-id=\"8499737\" data-element_type=\"widget\" data-widget_type=\"heading.default\">\n\t\t\t\t<div class=\"elementor-widget-container\">\n\t\t\t\t\t<h2 class=\"elementor-heading-title elementor-size-default\">Cycle cures<\/h2>\t\t\t\t<\/div>\n\t\t\t\t<\/div>\n\t\t\t\t<div class=\"elementor-element elementor-element-bf5d40b elementor-align-left elementor-widget elementor-widget-button\" data-id=\"bf5d40b\" data-element_type=\"widget\" data-widget_type=\"button.default\">\n\t\t\t\t<div class=\"elementor-widget-container\">\n\t\t\t\t\t\t\t\t\t<div class=\"elementor-button-wrapper\">\n\t\t\t\t\t<a class=\"elementor-button elementor-button-link elementor-size-sm elementor-animation-grow\" href=\"https:\/\/geonordic.fi\/en\/kierrekaira\/\">\n\t\t\t\t\t\t<span class=\"elementor-button-content-wrapper\">\n\t\t\t\t\t\t\t\t\t<span class=\"elementor-button-text\">View products \u00bb<\/span>\n\t\t\t\t\t<\/span>\n\t\t\t\t\t<\/a>\n\t\t\t\t<\/div>\n\t\t\t\t\t\t\t\t<\/div>\n\t\t\t\t<\/div>\n\t\t\t\t\t<\/div>\n\t\t<\/div>\n\t\t\t\t<div class=\"elementor-column elementor-col-33 elementor-inner-column elementor-element elementor-element-87ea1d5\" data-id=\"87ea1d5\" data-element_type=\"column\">\n\t\t\t<div class=\"elementor-widget-wrap\">\n\t\t\t\t\t\t\t<\/div>\n\t\t<\/div>\n\t\t\t\t\t<\/div>\n\t\t<\/section>\n\t\t\t\t\t<\/div>\n\t\t<\/div>\n\t\t\t\t\t<\/div>\n\t\t<\/section>\n\t\t\t\t<\/div>","protected":false},"excerpt":{"rendered":"<p>N\u00e4ytteenottimet Monipuolinen valikoima h\u00e4iriintyneeseen ja h\u00e4iriintym\u00e4tt\u00f6m\u00e4\u00e4n maan\u00e4ytteenottoon. Ota yhteytt\u00e4 N\u00e4ytteenottimet Katso tuotevalikoima \u00bb Kierrekaira Katso tuotevalikoima \u00bb<\/p>","protected":false},"author":1,"featured_media":837,"parent":0,"menu_order":0,"comment_status":"closed","ping_status":"closed","template":"elementor_header_footer","meta":{"site-sidebar-layout":"no-sidebar","site-content-layout":"","ast-site-content-layout":"full-width-container","site-content-style":"default","site-sidebar-style":"default","ast-global-header-display":"","ast-banner-title-visibility":"","ast-main-header-display":"","ast-hfb-above-header-display":"","ast-hfb-below-header-display":"","ast-hfb-mobile-header-display":"","site-post-title":"disabled","ast-breadcrumbs-content":"","ast-featured-img":"disabled","footer-sml-layout":"","theme-transparent-header-meta":"","adv-header-id-meta":"","stick-header-meta":"","header-above-stick-meta":"","header-main-stick-meta":"","header-below-stick-meta":"","astra-migrate-meta-layouts":"default","ast-page-background-enabled":"default","ast-page-background-meta":{"desktop":{"background-color":"var(--ast-global-color-4)","background-image":"","background-repeat":"repeat","background-position":"center center","background-size":"auto","background-attachment":"scroll","background-type":"","background-media":"","overlay-type":"","overlay-color":"","overlay-opacity":"","overlay-gradient":""},"tablet":{"background-color":"","background-image":"","background-repeat":"repeat","background-position":"center center","background-size":"auto","background-attachment":"scroll","background-type":"","background-media":"","overlay-type":"","overlay-color":"","overlay-opacity":"","overlay-gradient":""},"mobile":{"background-color":"","background-image":"","background-repeat":"repeat","background-position":"center center","background-size":"auto","background-attachment":"scroll","background-type":"","background-media":"","overlay-type":"","overlay-color":"","overlay-opacity":"","overlay-gradient":""}},"ast-content-background-meta":{"desktop":{"background-color":"var(--ast-global-color-5)","background-image":"","background-repeat":"repeat","background-position":"center center","background-size":"auto","background-attachment":"scroll","background-type":"","background-media":"","overlay-type":"","overlay-color":"","overlay-opacity":"","overlay-gradient":""},"tablet":{"background-color":"var(--ast-global-color-5)","background-image":"","background-repeat":"repeat","background-position":"center center","background-size":"auto","background-attachment":"scroll","background-type":"","background-media":"","overlay-type":"","overlay-color":"","overlay-opacity":"","overlay-gradient":""},"mobile":{"background-color":"var(--ast-global-color-5)","background-image":"","background-repeat":"repeat","background-position":"center center","background-size":"auto","background-attachment":"scroll","background-type":"","background-media":"","overlay-type":"","overlay-color":"","overlay-opacity":"","overlay-gradient":""}},"footnotes":""},"class_list":["post-380","page","type-page","status-publish","has-post-thumbnail","hentry"],"yoast_head":"<!-- This site is optimized with the Yoast SEO plugin v24.3 - https:\/\/yoast.com\/wordpress\/plugins\/seo\/ -->\n<title>N\u00e4ytteenottimet | Geonordic | Ota yhteytt\u00e4<\/title>\n<meta name=\"description\" content=\"Monipuolinen valikoima h\u00e4iriintyneeseen ja h\u00e4iriintym\u00e4tt\u00f6m\u00e4\u00e4n maan\u00e4ytteenottoon. Ota meihin rohkeasti yhteytt\u00e4!\" \/>\n<meta name=\"robots\" content=\"index, follow, max-snippet:-1, max-image-preview:large, max-video-preview:-1\" \/>\n<link rel=\"canonical\" href=\"https:\/\/geonordic.fi\/en\/naytteenottimet\/\" \/>\n<meta property=\"og:locale\" content=\"en_GB\" \/>\n<meta property=\"og:type\" content=\"article\" \/>\n<meta property=\"og:title\" content=\"N\u00e4ytteenottimet | Geonordic | Ota yhteytt\u00e4\" \/>\n<meta property=\"og:description\" content=\"Monipuolinen valikoima h\u00e4iriintyneeseen ja h\u00e4iriintym\u00e4tt\u00f6m\u00e4\u00e4n maan\u00e4ytteenottoon. Ota meihin rohkeasti yhteytt\u00e4!\" \/>\n<meta property=\"og:url\" content=\"https:\/\/geonordic.fi\/en\/naytteenottimet\/\" \/>\n<meta property=\"og:site_name\" content=\"Geonordic\" \/>\n<meta property=\"article:modified_time\" content=\"2025-07-09T07:13:28+00:00\" \/>\n<meta property=\"og:image\" content=\"https:\/\/geonordic.fi\/wp-content\/uploads\/2024\/05\/DSC00050-scaled.jpg\" \/>\n\t<meta property=\"og:image:width\" content=\"2560\" \/>\n\t<meta property=\"og:image:height\" content=\"1707\" \/>\n\t<meta property=\"og:image:type\" content=\"image\/jpeg\" \/>\n<meta name=\"twitter:card\" content=\"summary_large_image\" \/>\n<meta name=\"twitter:label1\" content=\"Estimated reading time\" \/>\n\t<meta name=\"twitter:data1\" content=\"1 minute\" \/>\n<script type=\"application\/ld+json\" class=\"yoast-schema-graph\">{\"@context\":\"https:\/\/schema.org\",\"@graph\":[{\"@type\":\"WebPage\",\"@id\":\"https:\/\/geonordic.fi\/naytteenottimet\/\",\"url\":\"https:\/\/geonordic.fi\/naytteenottimet\/\",\"name\":\"N\u00e4ytteenottimet | Geonordic | Ota yhteytt\u00e4\",\"isPartOf\":{\"@id\":\"https:\/\/geonordic.fi\/#website\"},\"primaryImageOfPage\":{\"@id\":\"https:\/\/geonordic.fi\/naytteenottimet\/#primaryimage\"},\"image\":{\"@id\":\"https:\/\/geonordic.fi\/naytteenottimet\/#primaryimage\"},\"thumbnailUrl\":\"https:\/\/geonordic.fi\/wp-content\/uploads\/2024\/05\/DSC00050-scaled.jpg\",\"datePublished\":\"2024-05-13T10:35:18+00:00\",\"dateModified\":\"2025-07-09T07:13:28+00:00\",\"description\":\"Monipuolinen valikoima h\u00e4iriintyneeseen ja h\u00e4iriintym\u00e4tt\u00f6m\u00e4\u00e4n maan\u00e4ytteenottoon. Ota meihin rohkeasti yhteytt\u00e4!\",\"breadcrumb\":{\"@id\":\"https:\/\/geonordic.fi\/naytteenottimet\/#breadcrumb\"},\"inLanguage\":\"en-GB\",\"potentialAction\":[{\"@type\":\"ReadAction\",\"target\":[\"https:\/\/geonordic.fi\/naytteenottimet\/\"]}]},{\"@type\":\"ImageObject\",\"inLanguage\":\"en-GB\",\"@id\":\"https:\/\/geonordic.fi\/naytteenottimet\/#primaryimage\",\"url\":\"https:\/\/geonordic.fi\/wp-content\/uploads\/2024\/05\/DSC00050-scaled.jpg\",\"contentUrl\":\"https:\/\/geonordic.fi\/wp-content\/uploads\/2024\/05\/DSC00050-scaled.jpg\",\"width\":2560,\"height\":1707},{\"@type\":\"BreadcrumbList\",\"@id\":\"https:\/\/geonordic.fi\/naytteenottimet\/#breadcrumb\",\"itemListElement\":[{\"@type\":\"ListItem\",\"position\":1,\"name\":\"Etusivu\",\"item\":\"https:\/\/geonordic.fi\/\"},{\"@type\":\"ListItem\",\"position\":2,\"name\":\"N\u00e4ytteenottimet\"}]},{\"@type\":\"WebSite\",\"@id\":\"https:\/\/geonordic.fi\/#website\",\"url\":\"https:\/\/geonordic.fi\/\",\"name\":\"Geonordic\",\"description\":\"\",\"potentialAction\":[{\"@type\":\"SearchAction\",\"target\":{\"@type\":\"EntryPoint\",\"urlTemplate\":\"https:\/\/geonordic.fi\/?s={search_term_string}\"},\"query-input\":{\"@type\":\"PropertyValueSpecification\",\"valueRequired\":true,\"valueName\":\"search_term_string\"}}],\"inLanguage\":\"en-GB\"}]}<\/script>\n<!-- \/ Yoast SEO plugin. -->","yoast_head_json":{"title":"N\u00e4ytteenottimet | Geonordic | Ota yhteytt\u00e4","description":"Monipuolinen valikoima h\u00e4iriintyneeseen ja h\u00e4iriintym\u00e4tt\u00f6m\u00e4\u00e4n maan\u00e4ytteenottoon. Ota meihin rohkeasti yhteytt\u00e4!","robots":{"index":"index","follow":"follow","max-snippet":"max-snippet:-1","max-image-preview":"max-image-preview:large","max-video-preview":"max-video-preview:-1"},"canonical":"https:\/\/geonordic.fi\/en\/naytteenottimet\/","og_locale":"en_GB","og_type":"article","og_title":"N\u00e4ytteenottimet | Geonordic | Ota yhteytt\u00e4","og_description":"Monipuolinen valikoima h\u00e4iriintyneeseen ja h\u00e4iriintym\u00e4tt\u00f6m\u00e4\u00e4n maan\u00e4ytteenottoon. Ota meihin rohkeasti yhteytt\u00e4!","og_url":"https:\/\/geonordic.fi\/en\/naytteenottimet\/","og_site_name":"Geonordic","article_modified_time":"2025-07-09T07:13:28+00:00","og_image":[{"width":2560,"height":1707,"url":"https:\/\/geonordic.fi\/wp-content\/uploads\/2024\/05\/DSC00050-scaled.jpg","type":"image\/jpeg"}],"twitter_card":"summary_large_image","twitter_misc":{"Estimated reading time":"1 minute"},"schema":{"@context":"https:\/\/schema.org","@graph":[{"@type":"WebPage","@id":"https:\/\/geonordic.fi\/naytteenottimet\/","url":"https:\/\/geonordic.fi\/naytteenottimet\/","name":"N\u00e4ytteenottimet | Geonordic | Ota yhteytt\u00e4","isPartOf":{"@id":"https:\/\/geonordic.fi\/#website"},"primaryImageOfPage":{"@id":"https:\/\/geonordic.fi\/naytteenottimet\/#primaryimage"},"image":{"@id":"https:\/\/geonordic.fi\/naytteenottimet\/#primaryimage"},"thumbnailUrl":"https:\/\/geonordic.fi\/wp-content\/uploads\/2024\/05\/DSC00050-scaled.jpg","datePublished":"2024-05-13T10:35:18+00:00","dateModified":"2025-07-09T07:13:28+00:00","description":"Monipuolinen valikoima h\u00e4iriintyneeseen ja h\u00e4iriintym\u00e4tt\u00f6m\u00e4\u00e4n maan\u00e4ytteenottoon. Ota meihin rohkeasti yhteytt\u00e4!","breadcrumb":{"@id":"https:\/\/geonordic.fi\/naytteenottimet\/#breadcrumb"},"inLanguage":"en-GB","potentialAction":[{"@type":"ReadAction","target":["https:\/\/geonordic.fi\/naytteenottimet\/"]}]},{"@type":"ImageObject","inLanguage":"en-GB","@id":"https:\/\/geonordic.fi\/naytteenottimet\/#primaryimage","url":"https:\/\/geonordic.fi\/wp-content\/uploads\/2024\/05\/DSC00050-scaled.jpg","contentUrl":"https:\/\/geonordic.fi\/wp-content\/uploads\/2024\/05\/DSC00050-scaled.jpg","width":2560,"height":1707},{"@type":"BreadcrumbList","@id":"https:\/\/geonordic.fi\/naytteenottimet\/#breadcrumb","itemListElement":[{"@type":"ListItem","position":1,"name":"Etusivu","item":"https:\/\/geonordic.fi\/"},{"@type":"ListItem","position":2,"name":"N\u00e4ytteenottimet"}]},{"@type":"WebSite","@id":"https:\/\/geonordic.fi\/#website","url":"https:\/\/geonordic.fi\/","name":"Geonordic","description":"","potentialAction":[{"@type":"SearchAction","target":{"@type":"EntryPoint","urlTemplate":"https:\/\/geonordic.fi\/?s={search_term_string}"},"query-input":{"@type":"PropertyValueSpecification","valueRequired":true,"valueName":"search_term_string"}}],"inLanguage":"en-GB"}]}},"_links":{"self":[{"href":"https:\/\/geonordic.fi\/en\/wp-json\/wp\/v2\/pages\/380","targetHints":{"allow":["GET"]}}],"collection":[{"href":"https:\/\/geonordic.fi\/en\/wp-json\/wp\/v2\/pages"}],"about":[{"href":"https:\/\/geonordic.fi\/en\/wp-json\/wp\/v2\/types\/page"}],"author":[{"embeddable":true,"href":"https:\/\/geonordic.fi\/en\/wp-json\/wp\/v2\/users\/1"}],"replies":[{"embeddable":true,"href":"https:\/\/geonordic.fi\/en\/wp-json\/wp\/v2\/comments?post=380"}],"version-history":[{"count":46,"href":"https:\/\/geonordic.fi\/en\/wp-json\/wp\/v2\/pages\/380\/revisions"}],"predecessor-version":[{"id":2905,"href":"https:\/\/geonordic.fi\/en\/wp-json\/wp\/v2\/pages\/380\/revisions\/2905"}],"wp:featuredmedia":[{"embeddable":true,"href":"https:\/\/geonordic.fi\/en\/wp-json\/wp\/v2\/media\/837"}],"wp:attachment":[{"href":"https:\/\/geonordic.fi\/en\/wp-json\/wp\/v2\/media?parent=380"}],"curies":[{"name":"wp","href":"https:\/\/api.w.org\/{rel}","templated":true}]}}