{"id":1196,"date":"2025-02-03T07:50:35","date_gmt":"2025-02-03T07:50:35","guid":{"rendered":"https:\/\/geonordic.fi\/?page_id=1196"},"modified":"2025-07-09T07:36:06","modified_gmt":"2025-07-09T07:36:06","slug":"maaperatutkimuskoneet","status":"publish","type":"page","link":"https:\/\/geonordic.fi\/en\/maaperatutkimuskoneet\/","title":{"rendered":"Soil exploration machinery"},"content":{"rendered":"<div data-elementor-type=\"wp-page\" data-elementor-id=\"1196\" class=\"elementor elementor-1196\" data-elementor-post-type=\"page\">\n\t\t\t\t\t\t<section class=\"elementor-section elementor-top-section elementor-element elementor-element-8a0d08f elementor-section-boxed elementor-section-height-default elementor-section-height-default\" data-id=\"8a0d08f\" data-element_type=\"section\" data-settings=\"{&quot;background_background&quot;:&quot;classic&quot;,&quot;background_motion_fx_motion_fx_scrolling&quot;:&quot;yes&quot;,&quot;background_motion_fx_scale_effect&quot;:&quot;yes&quot;,&quot;background_motion_fx_scale_direction&quot;:&quot;out-in&quot;,&quot;background_motion_fx_scale_speed&quot;:{&quot;unit&quot;:&quot;px&quot;,&quot;size&quot;:4,&quot;sizes&quot;:[]},&quot;background_motion_fx_scale_range&quot;:{&quot;unit&quot;:&quot;%&quot;,&quot;size&quot;:&quot;&quot;,&quot;sizes&quot;:{&quot;start&quot;:20,&quot;end&quot;:80}},&quot;background_motion_fx_devices&quot;:[&quot;desktop&quot;,&quot;tablet&quot;,&quot;mobile&quot;]}\">\n\t\t\t\t\t\t\t<div class=\"elementor-background-overlay\"><\/div>\n\t\t\t\t\t\t\t<div class=\"elementor-container elementor-column-gap-default\">\n\t\t\t\t\t<div class=\"elementor-column elementor-col-50 elementor-top-column elementor-element elementor-element-674a3c0\" data-id=\"674a3c0\" data-element_type=\"column\">\n\t\t\t<div class=\"elementor-widget-wrap elementor-element-populated\">\n\t\t\t\t\t\t<div class=\"elementor-element elementor-element-a44bd89 elementor-widget elementor-widget-heading\" data-id=\"a44bd89\" data-element_type=\"widget\" data-widget_type=\"heading.default\">\n\t\t\t\t<div class=\"elementor-widget-container\">\n\t\t\t\t\t<h2 class=\"elementor-heading-title elementor-size-default\">Soil exploration machinery<\/h2>\t\t\t\t<\/div>\n\t\t\t\t<\/div>\n\t\t\t\t<div class=\"elementor-element elementor-element-03f5498 elementor-widget elementor-widget-text-editor\" data-id=\"03f5498\" data-element_type=\"widget\" data-widget_type=\"text-editor.default\">\n\t\t\t\t<div class=\"elementor-widget-container\">\n\t\t\t\t\t\t\t\t\t<p>Geonordic was established in 2019 to serve geotechnical and environmental professionals, enabling more versatile and innovative solutions. We are an official Geotech distributor of soil survey equipment.<\/p><p><strong>The company's owners have decades of experience at the top of the industry and a huge hunger to take the industry forward.<\/strong><\/p>\t\t\t\t\t\t\t\t<\/div>\n\t\t\t\t<\/div>\n\t\t\t\t<div class=\"elementor-element elementor-element-e2114e8 elementor-widget elementor-widget-button\" data-id=\"e2114e8\" data-element_type=\"widget\" data-widget_type=\"button.default\">\n\t\t\t\t<div class=\"elementor-widget-container\">\n\t\t\t\t\t\t\t\t\t<div class=\"elementor-button-wrapper\">\n\t\t\t\t\t<a class=\"elementor-button elementor-button-link elementor-size-sm\" href=\"https:\/\/geonordic.fi\/en\/yritys\/\">\n\t\t\t\t\t\t<span class=\"elementor-button-content-wrapper\">\n\t\t\t\t\t\t\t\t\t<span class=\"elementor-button-text\">Read more <\/span>\n\t\t\t\t\t<\/span>\n\t\t\t\t\t<\/a>\n\t\t\t\t<\/div>\n\t\t\t\t\t\t\t\t<\/div>\n\t\t\t\t<\/div>\n\t\t\t\t\t<\/div>\n\t\t<\/div>\n\t\t\t\t<div class=\"elementor-column elementor-col-50 elementor-top-column elementor-element elementor-element-97d6eee\" data-id=\"97d6eee\" data-element_type=\"column\">\n\t\t\t<div class=\"elementor-widget-wrap\">\n\t\t\t\t\t\t\t<\/div>\n\t\t<\/div>\n\t\t\t\t\t<\/div>\n\t\t<\/section>\n\t\t\t\t<section class=\"elementor-section elementor-top-section elementor-element elementor-element-e35d595 elementor-section-boxed elementor-section-height-default elementor-section-height-default\" data-id=\"e35d595\" data-element_type=\"section\" data-settings=\"{&quot;background_background&quot;:&quot;classic&quot;}\">\n\t\t\t\t\t\t<div class=\"elementor-container elementor-column-gap-default\">\n\t\t\t\t\t<div class=\"elementor-column elementor-col-100 elementor-top-column elementor-element elementor-element-0ca77b1\" data-id=\"0ca77b1\" data-element_type=\"column\">\n\t\t\t<div class=\"elementor-widget-wrap elementor-element-populated\">\n\t\t\t\t\t\t<div class=\"elementor-element elementor-element-68b9ff0 elementor-widget elementor-widget-heading\" data-id=\"68b9ff0\" data-element_type=\"widget\" data-widget_type=\"heading.default\">\n\t\t\t\t<div class=\"elementor-widget-container\">\n\t\t\t\t\t<h2 class=\"elementor-heading-title elementor-size-default\">Soil exploration machinery<\/h2>\t\t\t\t<\/div>\n\t\t\t\t<\/div>\n\t\t\t\t<section class=\"elementor-section elementor-inner-section elementor-element elementor-element-63cef40 elementor-section-full_width elementor-section-height-default elementor-section-height-default\" data-id=\"63cef40\" data-element_type=\"section\">\n\t\t\t\t\t\t<div class=\"elementor-container elementor-column-gap-default\">\n\t\t\t\t\t<div class=\"elementor-column elementor-col-33 elementor-inner-column elementor-element elementor-element-0ef6900\" data-id=\"0ef6900\" data-element_type=\"column\" data-settings=\"{&quot;background_background&quot;:&quot;classic&quot;}\">\n\t\t\t<div class=\"elementor-widget-wrap elementor-element-populated\">\n\t\t\t\t\t\t<div class=\"elementor-element elementor-element-17c7baf elementor-widget elementor-widget-image\" data-id=\"17c7baf\" data-element_type=\"widget\" data-widget_type=\"image.default\">\n\t\t\t\t<div class=\"elementor-widget-container\">\n\t\t\t\t\t\t\t\t\t\t\t\t\t\t\t<img fetchpriority=\"high\" decoding=\"async\" width=\"1024\" height=\"683\" src=\"https:\/\/geonordic.fi\/wp-content\/uploads\/2025\/04\/geonordic-40-1024x683.png\" class=\"elementor-animation-hang attachment-large size-large wp-image-2565\" alt=\"\" srcset=\"https:\/\/geonordic.fi\/wp-content\/uploads\/2025\/04\/geonordic-40-1024x683.png 1024w, https:\/\/geonordic.fi\/wp-content\/uploads\/2025\/04\/geonordic-40-300x200.png 300w, https:\/\/geonordic.fi\/wp-content\/uploads\/2025\/04\/geonordic-40-768x512.png 768w, https:\/\/geonordic.fi\/wp-content\/uploads\/2025\/04\/geonordic-40-1536x1024.png 1536w, https:\/\/geonordic.fi\/wp-content\/uploads\/2025\/04\/geonordic-40-2048x1366.png 2048w, https:\/\/geonordic.fi\/wp-content\/uploads\/2025\/04\/geonordic-40-18x12.png 18w\" sizes=\"(max-width: 1024px) 100vw, 1024px\" \/>\t\t\t\t\t\t\t\t\t\t\t\t\t\t\t<\/div>\n\t\t\t\t<\/div>\n\t\t\t\t<div class=\"elementor-element elementor-element-97abff1 elementor-widget elementor-widget-heading\" data-id=\"97abff1\" data-element_type=\"widget\" data-widget_type=\"heading.default\">\n\t\t\t\t<div class=\"elementor-widget-container\">\n\t\t\t\t\t<h2 class=\"elementor-heading-title elementor-size-default\">Geotech GEORIG 608<\/h2>\t\t\t\t<\/div>\n\t\t\t\t<\/div>\n\t\t\t\t<div class=\"elementor-element elementor-element-6053f5c elementor-align-left elementor-widget elementor-widget-button\" data-id=\"6053f5c\" data-element_type=\"widget\" data-widget_type=\"button.default\">\n\t\t\t\t<div class=\"elementor-widget-container\">\n\t\t\t\t\t\t\t\t\t<div class=\"elementor-button-wrapper\">\n\t\t\t\t\t<a class=\"elementor-button elementor-button-link elementor-size-sm elementor-animation-grow\" href=\"https:\/\/geonordic.fi\/en\/geotech-georig-608\/\">\n\t\t\t\t\t\t<span class=\"elementor-button-content-wrapper\">\n\t\t\t\t\t\t\t\t\t<span class=\"elementor-button-text\">Read more<\/span>\n\t\t\t\t\t<\/span>\n\t\t\t\t\t<\/a>\n\t\t\t\t<\/div>\n\t\t\t\t\t\t\t\t<\/div>\n\t\t\t\t<\/div>\n\t\t\t\t\t<\/div>\n\t\t<\/div>\n\t\t\t\t<div class=\"elementor-column elementor-col-33 elementor-inner-column elementor-element elementor-element-b971e89\" data-id=\"b971e89\" data-element_type=\"column\" data-settings=\"{&quot;background_background&quot;:&quot;classic&quot;}\">\n\t\t\t<div class=\"elementor-widget-wrap elementor-element-populated\">\n\t\t\t\t\t\t<div class=\"elementor-element elementor-element-2f681de elementor-widget elementor-widget-image\" data-id=\"2f681de\" data-element_type=\"widget\" data-widget_type=\"image.default\">\n\t\t\t\t<div class=\"elementor-widget-container\">\n\t\t\t\t\t\t\t\t\t\t\t\t\t\t\t<img decoding=\"async\" width=\"1024\" height=\"683\" src=\"https:\/\/geonordic.fi\/wp-content\/uploads\/2025\/02\/Geotech-Georig-505--1024x683.png\" class=\"elementor-animation-hang attachment-large size-large wp-image-1253\" alt=\"\" srcset=\"https:\/\/geonordic.fi\/wp-content\/uploads\/2025\/02\/Geotech-Georig-505--1024x683.png 1024w, https:\/\/geonordic.fi\/wp-content\/uploads\/2025\/02\/Geotech-Georig-505--300x200.png 300w, https:\/\/geonordic.fi\/wp-content\/uploads\/2025\/02\/Geotech-Georig-505--768x512.png 768w, https:\/\/geonordic.fi\/wp-content\/uploads\/2025\/02\/Geotech-Georig-505--1536x1024.png 1536w, https:\/\/geonordic.fi\/wp-content\/uploads\/2025\/02\/Geotech-Georig-505--2048x1366.png 2048w, https:\/\/geonordic.fi\/wp-content\/uploads\/2025\/02\/Geotech-Georig-505--18x12.png 18w\" sizes=\"(max-width: 1024px) 100vw, 1024px\" \/>\t\t\t\t\t\t\t\t\t\t\t\t\t\t\t<\/div>\n\t\t\t\t<\/div>\n\t\t\t\t<div class=\"elementor-element elementor-element-76bf95c elementor-widget elementor-widget-heading\" data-id=\"76bf95c\" data-element_type=\"widget\" data-widget_type=\"heading.default\">\n\t\t\t\t<div class=\"elementor-widget-container\">\n\t\t\t\t\t<h2 class=\"elementor-heading-title elementor-size-default\">Geotech GEORIG 505<\/h2>\t\t\t\t<\/div>\n\t\t\t\t<\/div>\n\t\t\t\t<div class=\"elementor-element elementor-element-c018273 elementor-align-left elementor-widget elementor-widget-button\" data-id=\"c018273\" data-element_type=\"widget\" data-widget_type=\"button.default\">\n\t\t\t\t<div class=\"elementor-widget-container\">\n\t\t\t\t\t\t\t\t\t<div class=\"elementor-button-wrapper\">\n\t\t\t\t\t<a class=\"elementor-button elementor-button-link elementor-size-sm elementor-animation-grow\" href=\"https:\/\/geonordic.fi\/en\/geotech-georig-505\/\">\n\t\t\t\t\t\t<span class=\"elementor-button-content-wrapper\">\n\t\t\t\t\t\t\t\t\t<span class=\"elementor-button-text\">Read more<\/span>\n\t\t\t\t\t<\/span>\n\t\t\t\t\t<\/a>\n\t\t\t\t<\/div>\n\t\t\t\t\t\t\t\t<\/div>\n\t\t\t\t<\/div>\n\t\t\t\t\t<\/div>\n\t\t<\/div>\n\t\t\t\t<div class=\"elementor-column elementor-col-33 elementor-inner-column elementor-element elementor-element-06c6a16\" data-id=\"06c6a16\" data-element_type=\"column\" data-settings=\"{&quot;background_background&quot;:&quot;classic&quot;}\">\n\t\t\t<div class=\"elementor-widget-wrap elementor-element-populated\">\n\t\t\t\t\t\t<div class=\"elementor-element elementor-element-7125356 elementor-widget elementor-widget-image\" data-id=\"7125356\" data-element_type=\"widget\" data-widget_type=\"image.default\">\n\t\t\t\t<div class=\"elementor-widget-container\">\n\t\t\t\t\t\t\t\t\t\t\t\t\t\t\t<img decoding=\"async\" width=\"1024\" height=\"683\" src=\"https:\/\/geonordic.fi\/wp-content\/uploads\/2025\/02\/Geotech-Georig-220-1024x683.png\" class=\"elementor-animation-hang attachment-large size-large wp-image-1269\" alt=\"\" srcset=\"https:\/\/geonordic.fi\/wp-content\/uploads\/2025\/02\/Geotech-Georig-220-1024x683.png 1024w, https:\/\/geonordic.fi\/wp-content\/uploads\/2025\/02\/Geotech-Georig-220-300x200.png 300w, https:\/\/geonordic.fi\/wp-content\/uploads\/2025\/02\/Geotech-Georig-220-768x512.png 768w, https:\/\/geonordic.fi\/wp-content\/uploads\/2025\/02\/Geotech-Georig-220-1536x1024.png 1536w, https:\/\/geonordic.fi\/wp-content\/uploads\/2025\/02\/Geotech-Georig-220-2048x1366.png 2048w, https:\/\/geonordic.fi\/wp-content\/uploads\/2025\/02\/Geotech-Georig-220-18x12.png 18w\" sizes=\"(max-width: 1024px) 100vw, 1024px\" \/>\t\t\t\t\t\t\t\t\t\t\t\t\t\t\t<\/div>\n\t\t\t\t<\/div>\n\t\t\t\t<div class=\"elementor-element elementor-element-d4fda94 elementor-widget elementor-widget-heading\" data-id=\"d4fda94\" data-element_type=\"widget\" data-widget_type=\"heading.default\">\n\t\t\t\t<div class=\"elementor-widget-container\">\n\t\t\t\t\t<h2 class=\"elementor-heading-title elementor-size-default\">Geotech GEORIG 220<\/h2>\t\t\t\t<\/div>\n\t\t\t\t<\/div>\n\t\t\t\t<div class=\"elementor-element elementor-element-8eb7b24 elementor-align-left elementor-widget elementor-widget-button\" data-id=\"8eb7b24\" data-element_type=\"widget\" data-widget_type=\"button.default\">\n\t\t\t\t<div class=\"elementor-widget-container\">\n\t\t\t\t\t\t\t\t\t<div class=\"elementor-button-wrapper\">\n\t\t\t\t\t<a class=\"elementor-button elementor-button-link elementor-size-sm elementor-animation-grow\" href=\"https:\/\/geonordic.fi\/en\/geotech-220\/\">\n\t\t\t\t\t\t<span class=\"elementor-button-content-wrapper\">\n\t\t\t\t\t\t\t\t\t<span class=\"elementor-button-text\">Read more<\/span>\n\t\t\t\t\t<\/span>\n\t\t\t\t\t<\/a>\n\t\t\t\t<\/div>\n\t\t\t\t\t\t\t\t<\/div>\n\t\t\t\t<\/div>\n\t\t\t\t\t<\/div>\n\t\t<\/div>\n\t\t\t\t\t<\/div>\n\t\t<\/section>\n\t\t\t\t\t<\/div>\n\t\t<\/div>\n\t\t\t\t\t<\/div>\n\t\t<\/section>\n\t\t\t\t<\/div>","protected":false},"excerpt":{"rendered":"<p>Maaper\u00e4tutkimuskoneet Geonordic perustettiin 2019 palvelemaan geotekniikan ja ymp\u00e4rist\u00f6tutkimusten asiantuntijoita mahdollistaen entist\u00e4 monipuolisemmat ja innovatiivisemmat ratkaisut. Olemme virallinen Geotech maaper\u00e4tutkimuskoneiden j\u00e4lleenmyyj\u00e4. [&hellip;]<\/p>","protected":false},"author":2,"featured_media":0,"parent":0,"menu_order":0,"comment_status":"closed","ping_status":"closed","template":"elementor_header_footer","meta":{"site-sidebar-layout":"no-sidebar","site-content-layout":"","ast-site-content-layout":"full-width-container","site-content-style":"default","site-sidebar-style":"default","ast-global-header-display":"","ast-banner-title-visibility":"","ast-main-header-display":"","ast-hfb-above-header-display":"","ast-hfb-below-header-display":"","ast-hfb-mobile-header-display":"","site-post-title":"disabled","ast-breadcrumbs-content":"","ast-featured-img":"disabled","footer-sml-layout":"","theme-transparent-header-meta":"","adv-header-id-meta":"","stick-header-meta":"","header-above-stick-meta":"","header-main-stick-meta":"","header-below-stick-meta":"","astra-migrate-meta-layouts":"default","ast-page-background-enabled":"default","ast-page-background-meta":{"desktop":{"background-color":"var(--ast-global-color-4)","background-image":"","background-repeat":"repeat","background-position":"center center","background-size":"auto","background-attachment":"scroll","background-type":"","background-media":"","overlay-type":"","overlay-color":"","overlay-opacity":"","overlay-gradient":""},"tablet":{"background-color":"","background-image":"","background-repeat":"repeat","background-position":"center center","background-size":"auto","background-attachment":"scroll","background-type":"","background-media":"","overlay-type":"","overlay-color":"","overlay-opacity":"","overlay-gradient":""},"mobile":{"background-color":"","background-image":"","background-repeat":"repeat","background-position":"center center","background-size":"auto","background-attachment":"scroll","background-type":"","background-media":"","overlay-type":"","overlay-color":"","overlay-opacity":"","overlay-gradient":""}},"ast-content-background-meta":{"desktop":{"background-color":"var(--ast-global-color-5)","background-image":"","background-repeat":"repeat","background-position":"center center","background-size":"auto","background-attachment":"scroll","background-type":"","background-media":"","overlay-type":"","overlay-color":"","overlay-opacity":"","overlay-gradient":""},"tablet":{"background-color":"var(--ast-global-color-5)","background-image":"","background-repeat":"repeat","background-position":"center center","background-size":"auto","background-attachment":"scroll","background-type":"","background-media":"","overlay-type":"","overlay-color":"","overlay-opacity":"","overlay-gradient":""},"mobile":{"background-color":"var(--ast-global-color-5)","background-image":"","background-repeat":"repeat","background-position":"center center","background-size":"auto","background-attachment":"scroll","background-type":"","background-media":"","overlay-type":"","overlay-color":"","overlay-opacity":"","overlay-gradient":""}},"footnotes":""},"class_list":["post-1196","page","type-page","status-publish","hentry"],"yoast_head":"<!-- This site is optimized with the Yoast SEO plugin v24.3 - https:\/\/yoast.com\/wordpress\/plugins\/seo\/ -->\n<title>Maaper\u00e4tutkimuskoneet - Geonordic<\/title>\n<meta name=\"robots\" content=\"index, follow, max-snippet:-1, max-image-preview:large, max-video-preview:-1\" \/>\n<link rel=\"canonical\" href=\"https:\/\/geonordic.fi\/en\/maaperatutkimuskoneet\/\" \/>\n<meta property=\"og:locale\" content=\"en_GB\" \/>\n<meta property=\"og:type\" content=\"article\" \/>\n<meta property=\"og:title\" content=\"Maaper\u00e4tutkimuskoneet - Geonordic\" \/>\n<meta property=\"og:description\" content=\"Maaper\u00e4tutkimuskoneet Geonordic perustettiin 2019 palvelemaan geotekniikan ja ymp\u00e4rist\u00f6tutkimusten asiantuntijoita mahdollistaen entist\u00e4 monipuolisemmat ja innovatiivisemmat ratkaisut. Olemme virallinen Geotech maaper\u00e4tutkimuskoneiden j\u00e4lleenmyyj\u00e4. [&hellip;]\" \/>\n<meta property=\"og:url\" content=\"https:\/\/geonordic.fi\/en\/maaperatutkimuskoneet\/\" \/>\n<meta property=\"og:site_name\" content=\"Geonordic\" \/>\n<meta property=\"article:modified_time\" content=\"2025-07-09T07:36:06+00:00\" \/>\n<meta property=\"og:image\" content=\"https:\/\/geonordic.fi\/wp-content\/uploads\/2025\/04\/geonordic-40.png\" \/>\n\t<meta property=\"og:image:width\" content=\"2560\" \/>\n\t<meta property=\"og:image:height\" content=\"1707\" \/>\n\t<meta property=\"og:image:type\" content=\"image\/png\" \/>\n<meta name=\"twitter:card\" content=\"summary_large_image\" \/>\n<meta name=\"twitter:label1\" content=\"Estimated reading time\" \/>\n\t<meta name=\"twitter:data1\" content=\"1 minute\" \/>\n<script type=\"application\/ld+json\" class=\"yoast-schema-graph\">{\"@context\":\"https:\/\/schema.org\",\"@graph\":[{\"@type\":\"WebPage\",\"@id\":\"https:\/\/geonordic.fi\/maaperatutkimuskoneet\/\",\"url\":\"https:\/\/geonordic.fi\/maaperatutkimuskoneet\/\",\"name\":\"Maaper\u00e4tutkimuskoneet - Geonordic\",\"isPartOf\":{\"@id\":\"https:\/\/geonordic.fi\/#website\"},\"primaryImageOfPage\":{\"@id\":\"https:\/\/geonordic.fi\/maaperatutkimuskoneet\/#primaryimage\"},\"image\":{\"@id\":\"https:\/\/geonordic.fi\/maaperatutkimuskoneet\/#primaryimage\"},\"thumbnailUrl\":\"https:\/\/geonordic.fi\/wp-content\/uploads\/2025\/04\/geonordic-40-1024x683.png\",\"datePublished\":\"2025-02-03T07:50:35+00:00\",\"dateModified\":\"2025-07-09T07:36:06+00:00\",\"breadcrumb\":{\"@id\":\"https:\/\/geonordic.fi\/maaperatutkimuskoneet\/#breadcrumb\"},\"inLanguage\":\"en-GB\",\"potentialAction\":[{\"@type\":\"ReadAction\",\"target\":[\"https:\/\/geonordic.fi\/maaperatutkimuskoneet\/\"]}]},{\"@type\":\"ImageObject\",\"inLanguage\":\"en-GB\",\"@id\":\"https:\/\/geonordic.fi\/maaperatutkimuskoneet\/#primaryimage\",\"url\":\"https:\/\/geonordic.fi\/wp-content\/uploads\/2025\/04\/geonordic-40-1024x683.png\",\"contentUrl\":\"https:\/\/geonordic.fi\/wp-content\/uploads\/2025\/04\/geonordic-40-1024x683.png\"},{\"@type\":\"BreadcrumbList\",\"@id\":\"https:\/\/geonordic.fi\/maaperatutkimuskoneet\/#breadcrumb\",\"itemListElement\":[{\"@type\":\"ListItem\",\"position\":1,\"name\":\"Etusivu\",\"item\":\"https:\/\/geonordic.fi\/\"},{\"@type\":\"ListItem\",\"position\":2,\"name\":\"Maaper\u00e4tutkimuskoneet\"}]},{\"@type\":\"WebSite\",\"@id\":\"https:\/\/geonordic.fi\/#website\",\"url\":\"https:\/\/geonordic.fi\/\",\"name\":\"Geonordic\",\"description\":\"\",\"potentialAction\":[{\"@type\":\"SearchAction\",\"target\":{\"@type\":\"EntryPoint\",\"urlTemplate\":\"https:\/\/geonordic.fi\/?s={search_term_string}\"},\"query-input\":{\"@type\":\"PropertyValueSpecification\",\"valueRequired\":true,\"valueName\":\"search_term_string\"}}],\"inLanguage\":\"en-GB\"}]}<\/script>\n<!-- \/ Yoast SEO plugin. -->","yoast_head_json":{"title":"Maaper\u00e4tutkimuskoneet - Geonordic","robots":{"index":"index","follow":"follow","max-snippet":"max-snippet:-1","max-image-preview":"max-image-preview:large","max-video-preview":"max-video-preview:-1"},"canonical":"https:\/\/geonordic.fi\/en\/maaperatutkimuskoneet\/","og_locale":"en_GB","og_type":"article","og_title":"Maaper\u00e4tutkimuskoneet - Geonordic","og_description":"Maaper\u00e4tutkimuskoneet Geonordic perustettiin 2019 palvelemaan geotekniikan ja ymp\u00e4rist\u00f6tutkimusten asiantuntijoita mahdollistaen entist\u00e4 monipuolisemmat ja innovatiivisemmat ratkaisut. Olemme virallinen Geotech maaper\u00e4tutkimuskoneiden j\u00e4lleenmyyj\u00e4. [&hellip;]","og_url":"https:\/\/geonordic.fi\/en\/maaperatutkimuskoneet\/","og_site_name":"Geonordic","article_modified_time":"2025-07-09T07:36:06+00:00","og_image":[{"width":2560,"height":1707,"url":"https:\/\/geonordic.fi\/wp-content\/uploads\/2025\/04\/geonordic-40.png","type":"image\/png"}],"twitter_card":"summary_large_image","twitter_misc":{"Estimated reading time":"1 minute"},"schema":{"@context":"https:\/\/schema.org","@graph":[{"@type":"WebPage","@id":"https:\/\/geonordic.fi\/maaperatutkimuskoneet\/","url":"https:\/\/geonordic.fi\/maaperatutkimuskoneet\/","name":"Maaper\u00e4tutkimuskoneet - Geonordic","isPartOf":{"@id":"https:\/\/geonordic.fi\/#website"},"primaryImageOfPage":{"@id":"https:\/\/geonordic.fi\/maaperatutkimuskoneet\/#primaryimage"},"image":{"@id":"https:\/\/geonordic.fi\/maaperatutkimuskoneet\/#primaryimage"},"thumbnailUrl":"https:\/\/geonordic.fi\/wp-content\/uploads\/2025\/04\/geonordic-40-1024x683.png","datePublished":"2025-02-03T07:50:35+00:00","dateModified":"2025-07-09T07:36:06+00:00","breadcrumb":{"@id":"https:\/\/geonordic.fi\/maaperatutkimuskoneet\/#breadcrumb"},"inLanguage":"en-GB","potentialAction":[{"@type":"ReadAction","target":["https:\/\/geonordic.fi\/maaperatutkimuskoneet\/"]}]},{"@type":"ImageObject","inLanguage":"en-GB","@id":"https:\/\/geonordic.fi\/maaperatutkimuskoneet\/#primaryimage","url":"https:\/\/geonordic.fi\/wp-content\/uploads\/2025\/04\/geonordic-40-1024x683.png","contentUrl":"https:\/\/geonordic.fi\/wp-content\/uploads\/2025\/04\/geonordic-40-1024x683.png"},{"@type":"BreadcrumbList","@id":"https:\/\/geonordic.fi\/maaperatutkimuskoneet\/#breadcrumb","itemListElement":[{"@type":"ListItem","position":1,"name":"Etusivu","item":"https:\/\/geonordic.fi\/"},{"@type":"ListItem","position":2,"name":"Maaper\u00e4tutkimuskoneet"}]},{"@type":"WebSite","@id":"https:\/\/geonordic.fi\/#website","url":"https:\/\/geonordic.fi\/","name":"Geonordic","description":"","potentialAction":[{"@type":"SearchAction","target":{"@type":"EntryPoint","urlTemplate":"https:\/\/geonordic.fi\/?s={search_term_string}"},"query-input":{"@type":"PropertyValueSpecification","valueRequired":true,"valueName":"search_term_string"}}],"inLanguage":"en-GB"}]}},"_links":{"self":[{"href":"https:\/\/geonordic.fi\/en\/wp-json\/wp\/v2\/pages\/1196","targetHints":{"allow":["GET"]}}],"collection":[{"href":"https:\/\/geonordic.fi\/en\/wp-json\/wp\/v2\/pages"}],"about":[{"href":"https:\/\/geonordic.fi\/en\/wp-json\/wp\/v2\/types\/page"}],"author":[{"embeddable":true,"href":"https:\/\/geonordic.fi\/en\/wp-json\/wp\/v2\/users\/2"}],"replies":[{"embeddable":true,"href":"https:\/\/geonordic.fi\/en\/wp-json\/wp\/v2\/comments?post=1196"}],"version-history":[{"count":28,"href":"https:\/\/geonordic.fi\/en\/wp-json\/wp\/v2\/pages\/1196\/revisions"}],"predecessor-version":[{"id":2950,"href":"https:\/\/geonordic.fi\/en\/wp-json\/wp\/v2\/pages\/1196\/revisions\/2950"}],"wp:attachment":[{"href":"https:\/\/geonordic.fi\/en\/wp-json\/wp\/v2\/media?parent=1196"}],"curies":[{"name":"wp","href":"https:\/\/api.w.org\/{rel}","templated":true}]}}